{"id":10644,"date":"2019-11-13T12:00:47","date_gmt":"2019-11-13T12:00:47","guid":{"rendered":"https:\/\/www.glodexplorer.no\/?page_id=10644"},"modified":"2026-03-13T10:47:29","modified_gmt":"2026-03-13T09:47:29","slug":"jobbe-i-glod","status":"publish","type":"page","link":"https:\/\/www.glodexplorer.no\/nb\/informasjon\/jobbe-i-glod\/","title":{"rendered":"Jobbe i Gl\u00f8d"},"content":{"rendered":"<h4 id=\"guide-100-stilling-stillingen-er-besatt\">Guide (100% stilling) STILLINGEN ER BESATT<\/h4>\n<p style=\"font-weight: 400;\"><strong>Vi er p\u00e5 jakt etter den gode guiden!<\/strong><\/p>\n<p style=\"font-weight: 400;\">Det kan v\u00e6re at du er utdannet Arktisk Naturguide, eller innen historie, samfunnsvitenskap, innen biologi, geologi eller geografi &#8211; eller annet. Minst like viktig er imidlertid at du er stolt av det nordnorske, har &laquo;GL\u00d8D&raquo; og er lidenskapelig opptatt av friluftsliv. Du er gjerne ogs\u00e5 sertifisert naturguide med utdanning fra feks ANG &#8211; Arktisk naturguide.<\/p>\n<p style=\"font-weight: 400;\">GL\u00d8D tilbyr sommerstid uforglemmelige guidede opplevelser i kano, til fots og p\u00e5 terrengsykkel (analog og el). Men moroa stopper ikke n\u00e5r sommeren er over! Vinterstid tilbyr vi trugeturer, nordlyssafarier, fatbikeopplevelser og ski-turer og ekspedisjoner. I tillegg tilbyr vi overnatting i superstilige Aurora Canvas Domes og i GL\u00d8D Boutique Apartment.<\/p>\n<p style=\"font-weight: 400;\">Som guide hos Gl\u00f8d Explorer vil du ha muligheten til \u00e5 vise frem dine lederegenskaper, friluftskompetanse og lidenskap for eventyr. Du vil v\u00e6re ansvarlig for \u00e5 lede norske og internasjonale gjester gjennom utend\u00f8rsaktiviteter og s\u00f8rge for en morsom, l\u00e6rerik og trygg opplevelse for alle involverte.<\/p>\n<p style=\"font-weight: 400;\">V\u00e5r ideelle kandidat har kunnskap om lokal flora og fauna, historie, erfaring med utend\u00f8rsaktiviteter, utmerkede kommunikasjonsevner og en talent for og glede av \u00e5 fortelle historier. Hos Gl\u00f8d Explorer prioriterer vi \u00e5 gi gjestene v\u00e5re en uforglemmelig opplevelse, og storytelling er en viktig komponent i dette. Guiden har imidlertid ogs\u00e5 evnen til \u00e5 lytte, og til \u00e5 gjesten til \u00e5 fortelle. \u00a0Det er ogs\u00e5 en stor fordel om du er &laquo;b\u00e5l-gourmet&raquo; da lunsjen ofte lages ute p\u00e5 b\u00e5let.<\/p>\n<p>Du behersker engelsk flytende, muntlig og skriftlig, og gjerne ogs\u00e5 et annet spr\u00e5k, som tysk, fransk, italiensk eller spansk.<\/p>\n<p>Du har f\u00f8rekort for bil og kj\u00f8reseddel<\/p>\n<p>Vi kan tilby moderne fasiliteter, superhyggelige kollegaer og konkurransedyktige betingelser (l\u00f8nn, pensjon, forsikringer og andre goder)<br \/>\nArbeidstid vil variere og du vil g\u00e5 inn i en oversiktlig turnus .<\/p>\n<p><strong>For den rette kandidaten kan stillingen utvides til \u00e5 inkludere et COO-ansvar.<\/strong><\/p>\n<p style=\"font-weight: 400;\">Hvis du synes dette lyder spennende s\u00e5 h\u00f8rer vi gjerne i fra deg.<\/p>\n<p style=\"font-weight: 400;\">Send s\u00f8knad med CV og referanser p\u00e5 epost til (post@glodexplorer.no) innen 20. mai<\/p>\n<div id='gallery-1' class='gallery galleryid-10644 gallery-columns-3 gallery-size-thumbnail'><figure class='gallery-item'>\n\t\t\t<div class='gallery-icon portrait'>\n\t\t\t\t<a href=\"https:\/\/www.glodexplorer.no\/wp-content\/uploads\/2022\/04\/rikkiegonnielsen-1-rotated.jpg\" data-type=\"image\" data-glodbox=\"gallery\" data-caption=\"rikki.egon.nielsen (1)\"  href='https:\/\/www.glodexplorer.no\/nb\/informasjon\/ansatte\/rikkiegonnielsen-1\/'><img loading=\"lazy\" decoding=\"async\" width=\"150\" height=\"150\" src=\"https:\/\/www.glodexplorer.no\/wp-content\/uploads\/2022\/04\/rikkiegonnielsen-1-150x150.jpg\" class=\"attachment-thumbnail size-thumbnail\" alt=\"Rikki\" srcset=\"https:\/\/www.glodexplorer.no\/wp-content\/uploads\/2022\/04\/rikkiegonnielsen-1-150x150.jpg 150w, https:\/\/www.glodexplorer.no\/wp-content\/uploads\/2022\/04\/rikkiegonnielsen-1-700x700.jpg 700w\" sizes=\"auto, (max-width: 150px) 100vw, 150px\" \/><\/a>\n\t\t\t<\/div><\/figure><figure class='gallery-item'>\n\t\t\t<div class='gallery-icon landscape'>\n\t\t\t\t<a href=\"https:\/\/www.glodexplorer.no\/wp-content\/uploads\/2022\/11\/image-23.jpeg\" data-type=\"image\" data-glodbox=\"gallery\" data-caption=\"image\"  href='https:\/\/www.glodexplorer.no\/nb\/90-2-2-2\/image-23-2\/'><img loading=\"lazy\" decoding=\"async\" width=\"150\" height=\"150\" src=\"https:\/\/www.glodexplorer.no\/wp-content\/uploads\/2022\/11\/image-23-150x150.jpeg\" class=\"attachment-thumbnail size-thumbnail\" alt=\"\" srcset=\"https:\/\/www.glodexplorer.no\/wp-content\/uploads\/2022\/11\/image-23-150x150.jpeg 150w, https:\/\/www.glodexplorer.no\/wp-content\/uploads\/2022\/11\/image-23-700x700.jpeg 700w\" sizes=\"auto, (max-width: 150px) 100vw, 150px\" \/><\/a>\n\t\t\t<\/div><\/figure><figure class='gallery-item'>\n\t\t\t<div class='gallery-icon portrait'>\n\t\t\t\t<a href=\"https:\/\/www.glodexplorer.no\/wp-content\/uploads\/2022\/04\/saraorzel-1.jpg\" data-type=\"image\" data-glodbox=\"gallery\" data-caption=\"saraorzel-1\"  href='https:\/\/www.glodexplorer.no\/nb\/informasjon\/ansatte\/saraorzel-1-2\/'><img loading=\"lazy\" decoding=\"async\" width=\"150\" height=\"150\" src=\"https:\/\/www.glodexplorer.no\/wp-content\/uploads\/2022\/04\/saraorzel-1-150x150.jpg\" class=\"attachment-thumbnail size-thumbnail\" alt=\"Sara\" srcset=\"https:\/\/www.glodexplorer.no\/wp-content\/uploads\/2022\/04\/saraorzel-1-150x150.jpg 150w, https:\/\/www.glodexplorer.no\/wp-content\/uploads\/2022\/04\/saraorzel-1-700x700.jpg 700w\" sizes=\"auto, (max-width: 150px) 100vw, 150px\" \/><\/a>\n\t\t\t<\/div><\/figure>\n\t\t<\/div>\n\n<h4 id=\"\"><\/h4>\n<h4 id=\"nordlys-guide-for-sesongen-2026-27\">Nordlys guide for sesongen 2026\/27<\/h4>\n<p>Jakten p\u00e5 nordlyset er en av v\u00e5re viktigste opplevelser og har v\u00e6rt i v\u00e5rt sortiment siden 2007.<\/p>\n<p>Som guide tar du med dine nordlysgjester dit det er st\u00f8rst sjanse for \u00e5 finne nordlyset akkurat denne kvelden. Opplevelsen inkluderer ogs\u00e5 et foredrag om Gl\u00f8d, servering, kj\u00f8ring og fotografering.<\/p>\n<p>Som guide har du en ny VW Caravelle 4 motion til r\u00e5dighet, og har maks \u00e5tte gjester med deg p\u00e5 turen.<\/p>\n<p>Du trenger derfor f\u00f8rerkort for bil og kj\u00f8reseddel<\/p>\n<p>Arbeidstiden varierer noe, men omtrent fra 18.00 til 01.00.<\/p>\n<p>Personen vi s\u00f8ker m\u00e5 v\u00e6re serviceinnstilt, positiv, pliktoppfyllende, glad i foto og ha f\u00f8rerkort for bil. Vi har gjester fra mer enn 30 nasjoner hvert \u00e5r. Ikke mange av dem snakker eller forst\u00e5r norsk. Engelskkunnskaper er derfor et minimumskrav.<br \/>\nDersom du ikke allerede har f\u00f8rerkort for persontransport, m\u00e5 dette ordnes ved ansettelse. Oppl\u00e6ring i nordlysfotografering vil bli gitt ved behov.<\/p>\n<p>Stillingen er en del av en turnusordning med tre andre nordlysguider.<\/p>\n<p>Vi tilbyr denne turen fra 15. september til 10. april.<\/p>\n<p>Send oss \u200b\u200ben e-post hvis du synes dette er interessant (post@glodexplorer.no)<\/p>\n<p>&nbsp;<\/p>\n<div id='gallery-2' class='gallery galleryid-10644 gallery-columns-3 gallery-size-thumbnail'><figure class='gallery-item'>\n\t\t\t<div class='gallery-icon landscape'>\n\t\t\t\t<a href=\"https:\/\/www.glodexplorer.no\/wp-content\/uploads\/2018\/11\/20172009-Nikon-7893.jpg\" data-type=\"image\" data-glodbox=\"gallery\" data-caption=\"20172009-Nikon-7893\"  href='https:\/\/www.glodexplorer.no\/nb\/aktivitet\/jakten-pa-nordlyset\/20172009-nikon-7893\/'><img loading=\"lazy\" decoding=\"async\" width=\"150\" height=\"150\" src=\"https:\/\/www.glodexplorer.no\/wp-content\/uploads\/2018\/11\/20172009-Nikon-7893-150x150.jpg\" class=\"attachment-thumbnail size-thumbnail\" alt=\"\" srcset=\"https:\/\/www.glodexplorer.no\/wp-content\/uploads\/2018\/11\/20172009-Nikon-7893-150x150.jpg 150w, https:\/\/www.glodexplorer.no\/wp-content\/uploads\/2018\/11\/20172009-Nikon-7893-700x700.jpg 700w\" sizes=\"auto, (max-width: 150px) 100vw, 150px\" \/><\/a>\n\t\t\t<\/div><\/figure><figure class='gallery-item'>\n\t\t\t<div class='gallery-icon landscape'>\n\t\t\t\t<a href=\"https:\/\/www.glodexplorer.no\/wp-content\/uploads\/2018\/11\/00B0413-e1652386807892.jpg\" data-type=\"image\" data-glodbox=\"gallery\" data-caption=\"_00B0413\"  href='https:\/\/www.glodexplorer.no\/nb\/aktivitet\/jakten-pa-nordlyset\/_00b0413\/'><img loading=\"lazy\" decoding=\"async\" width=\"150\" height=\"150\" src=\"https:\/\/www.glodexplorer.no\/wp-content\/uploads\/2018\/11\/00B0413-150x150.jpg\" class=\"attachment-thumbnail size-thumbnail\" alt=\"nordlys\" srcset=\"https:\/\/www.glodexplorer.no\/wp-content\/uploads\/2018\/11\/00B0413-150x150.jpg 150w, https:\/\/www.glodexplorer.no\/wp-content\/uploads\/2018\/11\/00B0413-700x700.jpg 700w\" sizes=\"auto, (max-width: 150px) 100vw, 150px\" \/><\/a>\n\t\t\t<\/div><\/figure><figure class='gallery-item'>\n\t\t\t<div class='gallery-icon landscape'>\n\t\t\t\t<a href=\"https:\/\/www.glodexplorer.no\/wp-content\/uploads\/2018\/08\/Layer-50.png\" data-type=\"image\" data-glodbox=\"gallery\" data-caption=\"Layer 50\"  href='https:\/\/www.glodexplorer.no\/nb\/90-2-2-2\/layer-50\/'><img loading=\"lazy\" decoding=\"async\" width=\"150\" height=\"150\" src=\"https:\/\/www.glodexplorer.no\/wp-content\/uploads\/2018\/08\/Layer-50-150x150.png\" class=\"attachment-thumbnail size-thumbnail\" alt=\"\" srcset=\"https:\/\/www.glodexplorer.no\/wp-content\/uploads\/2018\/08\/Layer-50-150x150.png 150w, https:\/\/www.glodexplorer.no\/wp-content\/uploads\/2018\/08\/Layer-50-700x700.png 700w\" sizes=\"auto, (max-width: 150px) 100vw, 150px\" \/><\/a>\n\t\t\t<\/div><\/figure>\n\t\t<\/div>\n\n<p>&nbsp;<\/p>\n<h4 id=\"\"><\/h4>\n<h4 id=\"\"><\/h4>\n<h4 id=\"frokostvert-stillingen-er-besatt\">Frokostvert STILLINGEN ER BESATT<\/h4>\n<p><strong>Frokosten er det viktigste m\u00e5ltidet!<\/strong><\/p>\n<p style=\"font-weight: 400;\">Vi s\u00f8ker etter en en selvstendig, kreativ, utadvendt og serviceinnstilt person som kan bli en del av teamet v\u00e5rt som frokost-vert i 100% fast stilling.<\/p>\n<p style=\"font-weight: 400;\">Vi synes som nevnt at frokosten er det viktigste m\u00e5ltidet &#8211; og som ogs\u00e5 representerer starten p\u00e5 dagen. Frokost hos oss skal derfor v\u00e6re smakfull og tiltalende, enkel og elegant &#8211; og den skal reflektere det typisk nordnorske. Vi serverer derfor gjerne ferskt br\u00f8d, egg, hjemmer\u00f8kt villaks og hjemmer\u00f8rt syltet\u00f8y som rabarbra, multer eller bl\u00e5b\u00e6r. Melk, juice og kaffe eller te.<\/p>\n<p style=\"font-weight: 400;\">Som frokostvert vil du v\u00e6re ansvarlig for \u00e5 <strong>skape en deilig start p\u00e5 dagen<\/strong>, gjennom en minneverdig frokostopplevelse, for gjestene v\u00e5re. Du vil ha muligheten til \u00e5 fokusere p\u00e5 de sm\u00e5 detaljene og legge til personlige preg for \u00e5 forbedre gjestenes opplevelse. Din vennlige og sosiale personlighet vil tillate deg \u00e5 skape en flott opplevelse sammen med gjestene v\u00e5re, og s\u00f8rge for at de g\u00e5r inn i en ny dag med en positiv holdning.<\/p>\n<p style=\"font-weight: 400;\">Som frokostvert er ogs\u00e5 en del av jobben \u00e5 <strong>gj\u00f8re v\u00e5re Aurora Canvas Domes og v\u00e5r GL\u00d8D Boutique Apartment innbydende etter utsjekk<\/strong>. Frokostverten spiller en viktig rolle i \u00e5 sikre at gjestene v\u00e5re har et komfortabelt og hyggelig opphold. Din kreativitet vil v\u00e6re med p\u00e5 \u00e5 gj\u00f8re v\u00e5re domer til noe spesielt og bli en del av den overordnede opplevelsen. Din oppmerksomhet p\u00e5 detaljer og serviceinnstilling vil sikre at gjestene v\u00e5re f\u00f8ler seg ivaretatt og har et uforglemmelig opphold.<\/p>\n<p data-start=\"662\" data-end=\"680\"><strong data-start=\"662\" data-end=\"680\">Om stillingen:<\/strong><\/p>\n<ul data-start=\"681\" data-end=\"851\">\n<li data-start=\"681\" data-end=\"715\">\n<p data-start=\"683\" data-end=\"715\">Morgenvakter kl. <strong>07:00\u201315:00<\/strong><\/p>\n<\/li>\n<li data-start=\"716\" data-end=\"771\">\n<p data-start=\"718\" data-end=\"771\">Servering av frokost<\/p>\n<\/li>\n<li data-start=\"716\" data-end=\"771\">Klargj\u00f8ring av domer og leilighet etter utsjekk<\/li>\n<li data-start=\"716\" data-end=\"771\">Rengj\u00f8ring Gl\u00f8d HQ<\/li>\n<li data-start=\"772\" data-end=\"812\">\n<p data-start=\"774\" data-end=\"812\">Tett samarbeid med kj\u00f8kken, administrasjon og vertskap<\/p>\n<\/li>\n<li data-start=\"813\" data-end=\"851\">\n<p data-start=\"815\" data-end=\"851\">Arbeidssted: <strong data-start=\"828\" data-end=\"851\">Gl\u00f8d Explorer, Alta<\/strong><\/p>\n<\/li>\n<\/ul>\n<p>&nbsp;<\/p>\n<p data-start=\"853\" data-end=\"878\"><strong data-start=\"853\" data-end=\"878\">Vi ser etter deg som:<\/strong><\/p>\n<ul data-start=\"879\" data-end=\"1103\">\n<li data-start=\"879\" data-end=\"898\">\n<p data-start=\"881\" data-end=\"898\">Er <strong data-start=\"884\" data-end=\"898\">over 18 \u00e5r<\/strong><\/p>\n<\/li>\n<li data-start=\"899\" data-end=\"953\">\n<p data-start=\"901\" data-end=\"953\">Er im\u00f8tekommende, blid og trygg i m\u00f8te med mennesker<\/p>\n<\/li>\n<li data-start=\"954\" data-end=\"1000\">\n<p data-start=\"956\" data-end=\"1000\">Har \u00f8ye for detaljer og gir det lille ekstra<\/p>\n<\/li>\n<li data-start=\"1001\" data-end=\"1064\">\n<p data-start=\"1003\" data-end=\"1064\">Trives med \u00e5 jobbe selvstendig, men er ogs\u00e5 en god lagspiller<\/p>\n<\/li>\n<li data-start=\"1065\" data-end=\"1103\">\n<p data-start=\"1067\" data-end=\"1103\">Snakker flytende norsk og\/eller engelsk<\/p>\n<\/li>\n<\/ul>\n<p>&nbsp;<\/p>\n<p data-start=\"1105\" data-end=\"1119\"><strong data-start=\"1105\" data-end=\"1119\">Vi tilbyr:<\/strong><\/p>\n<ul data-start=\"1120\" data-end=\"1303\">\n<li data-start=\"1120\" data-end=\"1173\">\n<p data-start=\"1122\" data-end=\"1173\">En sosial og givende jobb i et internasjonalt milj\u00f8<\/p>\n<\/li>\n<li data-start=\"1174\" data-end=\"1237\">\n<p data-start=\"1176\" data-end=\"1237\">Muligheten til \u00e5 jobbe med <strong data-start=\"1203\" data-end=\"1237\">lokalmat og kortreiste r\u00e5varer<\/strong><\/p>\n<\/li>\n<li data-start=\"1238\" data-end=\"1267\">\n<p data-start=\"1240\" data-end=\"1267\">God oppl\u00e6ring og oppf\u00f8lging<\/p>\n<\/li>\n<li data-start=\"1268\" data-end=\"1303\">\n<p data-start=\"1270\" data-end=\"1303\">Et inkluderende og engasjert team<\/p>\n<\/li>\n<li data-start=\"1268\" data-end=\"1303\">Konkurransedyktige betingelser som l\u00f8nn og utvidet pensjonsordning<\/li>\n<\/ul>\n<p>&nbsp;<\/p>\n<p style=\"font-weight: 400;\">Hvis du synes dette h\u00f8rer spennende ut vil vi gjerne h\u00f8re fra deg.<\/p>\n<p>Send s\u00f8knad med CV og referanser p\u00e5 epost til (post@glodexplorer.no)<\/p>\n<div id='gallery-3' class='gallery galleryid-10644 gallery-columns-3 gallery-size-thumbnail'><figure class='gallery-item'>\n\t\t\t<div class='gallery-icon landscape'>\n\t\t\t\t<a href=\"https:\/\/www.glodexplorer.no\/wp-content\/uploads\/2020\/07\/domer-sommer-1920pix-e1609931361763.jpg\" data-type=\"image\" data-glodbox=\"gallery\" data-caption=\"domer-sommer-1920pix\"  href='https:\/\/www.glodexplorer.no\/nb\/90-2-2-2\/domer-sommer-1920pix-2\/'><img loading=\"lazy\" decoding=\"async\" width=\"150\" height=\"150\" src=\"https:\/\/www.glodexplorer.no\/wp-content\/uploads\/2020\/07\/domer-sommer-1920pix-150x150.jpg\" class=\"attachment-thumbnail size-thumbnail\" alt=\"GL\u00d8D Aurora Canvas Dome\" srcset=\"https:\/\/www.glodexplorer.no\/wp-content\/uploads\/2020\/07\/domer-sommer-1920pix-150x150.jpg 150w, https:\/\/www.glodexplorer.no\/wp-content\/uploads\/2020\/07\/domer-sommer-1920pix-700x700.jpg 700w\" sizes=\"auto, (max-width: 150px) 100vw, 150px\" \/><\/a>\n\t\t\t<\/div><\/figure><figure class='gallery-item'>\n\t\t\t<div class='gallery-icon landscape'>\n\t\t\t\t<a href=\"https:\/\/www.glodexplorer.no\/wp-content\/uploads\/2018\/07\/20180507GLOD-Middag-6-von-10.jpg\" data-type=\"image\" data-glodbox=\"gallery\" data-caption=\"Lavvoservering\"  href='https:\/\/www.glodexplorer.no\/nb\/produkt\/servering\/20180507glod-middag-6-von-10\/'><img loading=\"lazy\" decoding=\"async\" width=\"150\" height=\"150\" src=\"https:\/\/www.glodexplorer.no\/wp-content\/uploads\/2018\/07\/20180507GLOD-Middag-6-von-10-150x150.jpg\" class=\"attachment-thumbnail size-thumbnail\" alt=\"\" srcset=\"https:\/\/www.glodexplorer.no\/wp-content\/uploads\/2018\/07\/20180507GLOD-Middag-6-von-10-150x150.jpg 150w, https:\/\/www.glodexplorer.no\/wp-content\/uploads\/2018\/07\/20180507GLOD-Middag-6-von-10-700x700.jpg 700w\" sizes=\"auto, (max-width: 150px) 100vw, 150px\" \/><\/a>\n\t\t\t<\/div><\/figure><figure class='gallery-item'>\n\t\t\t<div class='gallery-icon landscape'>\n\t\t\t\t<a href=\"https:\/\/www.glodexplorer.no\/wp-content\/uploads\/2018\/11\/FRI0937-e1652385578461.jpg\" data-type=\"image\" data-glodbox=\"gallery\" data-caption=\"_FRI0937\"  href='https:\/\/www.glodexplorer.no\/nb\/aktivitet\/truger-2\/_fri0937-2\/'><img loading=\"lazy\" decoding=\"async\" width=\"150\" height=\"150\" src=\"https:\/\/www.glodexplorer.no\/wp-content\/uploads\/2018\/11\/FRI0937-150x150.jpg\" class=\"attachment-thumbnail size-thumbnail\" alt=\"truger og isfiske\" srcset=\"https:\/\/www.glodexplorer.no\/wp-content\/uploads\/2018\/11\/FRI0937-150x150.jpg 150w, https:\/\/www.glodexplorer.no\/wp-content\/uploads\/2018\/11\/FRI0937-700x700.jpg 700w\" sizes=\"auto, (max-width: 150px) 100vw, 150px\" \/><\/a>\n\t\t\t<\/div><\/figure>\n\t\t<\/div>\n\n<h4 id=\"\"><\/h4>\n<p>&nbsp;<\/p>\n<h4 id=\"servitorer-stillingen-er-besatt\">Servit\u00f8rer STILLINGEN ER BESATT<\/h4>\n<p data-start=\"86\" data-end=\"169\"><strong data-start=\"86\" data-end=\"169\">Servit\u00f8rer s\u00f8kes \u2013 V\u00e6r med og gi v\u00e5re gjester en smak av Nord-Norge!<\/strong><\/p>\n<p data-start=\"171\" data-end=\"434\">Vi s\u00f8ker to <strong data-start=\"194\" data-end=\"241\">utadvendte, n\u00f8yaktige og selvstendige servit\u00f8rer<\/strong> til v\u00e5r restaurant i hjertet av naturen. Vi serverer middag til eventyrlystne gjester fra hele verden \u2013 og n\u00e5 trenger vi deg som vil v\u00e6re med p\u00e5 \u00e5 gj\u00f8re m\u00e5ltidet til et av turens h\u00f8ydepunkter.<\/p>\n<p data-start=\"436\" data-end=\"660\">Vi lager mat med <strong data-start=\"453\" data-end=\"471\">lokale r\u00e5varer<\/strong> fra nord \u2013 fersk <strong data-start=\"489\" data-end=\"515\">fisk, lam, rein og elg<\/strong> st\u00e5r sentralt p\u00e5 menyen. Hver rett er laget med omtanke, og som servit\u00f8r spiller du en viktig rolle i \u00e5 formidle b\u00e5de smakene og historiene bak.<\/p>\n<p data-start=\"662\" data-end=\"680\"><strong data-start=\"662\" data-end=\"680\">Om stillingen:<\/strong><\/p>\n<ul data-start=\"681\" data-end=\"851\">\n<li data-start=\"681\" data-end=\"715\">\n<p data-start=\"683\" data-end=\"715\">Kveldsvakter kl. <strong data-start=\"700\" data-end=\"715\">17:00\u201322:00<\/strong><\/p>\n<\/li>\n<li data-start=\"716\" data-end=\"771\">\n<p data-start=\"718\" data-end=\"771\">Servering av 3-retters middag for v\u00e5re boende gjester<\/p>\n<\/li>\n<li data-start=\"772\" data-end=\"812\">\n<p data-start=\"774\" data-end=\"812\">Tett samarbeid med kj\u00f8kken og vertskap<\/p>\n<\/li>\n<li data-start=\"813\" data-end=\"851\">\n<p data-start=\"815\" data-end=\"851\">Arbeidssted: <strong data-start=\"828\" data-end=\"851\">Gl\u00f8d Explorer, Alta<\/strong><\/p>\n<\/li>\n<\/ul>\n<p data-start=\"853\" data-end=\"878\"><strong data-start=\"853\" data-end=\"878\">Vi ser etter deg som:<\/strong><\/p>\n<ul data-start=\"879\" data-end=\"1103\">\n<li data-start=\"879\" data-end=\"898\">\n<p data-start=\"881\" data-end=\"898\">Er <strong data-start=\"884\" data-end=\"898\">over 18 \u00e5r<\/strong><\/p>\n<\/li>\n<li data-start=\"899\" data-end=\"953\">\n<p data-start=\"901\" data-end=\"953\">Er im\u00f8tekommende, blid og trygg i m\u00f8te med mennesker<\/p>\n<\/li>\n<li data-start=\"954\" data-end=\"1000\">\n<p data-start=\"956\" data-end=\"1000\">Har \u00f8ye for detaljer og gir det lille ekstra<\/p>\n<\/li>\n<li data-start=\"1001\" data-end=\"1064\">\n<p data-start=\"1003\" data-end=\"1064\">Trives med \u00e5 jobbe selvstendig, men er ogs\u00e5 en god lagspiller<\/p>\n<\/li>\n<li data-start=\"1065\" data-end=\"1103\">\n<p data-start=\"1067\" data-end=\"1103\">Snakker flytende norsk og\/eller engelsk<\/p>\n<\/li>\n<\/ul>\n<p data-start=\"1105\" data-end=\"1119\"><strong data-start=\"1105\" data-end=\"1119\">Vi tilbyr:<\/strong><\/p>\n<ul data-start=\"1120\" data-end=\"1303\">\n<li data-start=\"1120\" data-end=\"1173\">\n<p data-start=\"1122\" data-end=\"1173\">En sosial og givende jobb i et internasjonalt milj\u00f8<\/p>\n<\/li>\n<li data-start=\"1174\" data-end=\"1237\">\n<p data-start=\"1176\" data-end=\"1237\">Muligheten til \u00e5 jobbe med <strong data-start=\"1203\" data-end=\"1237\">lokalmat og kortreiste r\u00e5varer<\/strong><\/p>\n<\/li>\n<li data-start=\"1238\" data-end=\"1267\">\n<p data-start=\"1240\" data-end=\"1267\">God oppl\u00e6ring og oppf\u00f8lging<\/p>\n<\/li>\n<li data-start=\"1268\" data-end=\"1303\">\n<p data-start=\"1270\" data-end=\"1303\">Et inkluderende og engasjert team<\/p>\n<\/li>\n<\/ul>\n<p data-start=\"1305\" data-end=\"1433\"><strong data-start=\"1305\" data-end=\"1340\">Tidligere erfaring er en fordel<\/strong>, men ikke et krav \u2013 vi l\u00e6rer deg gjerne opp, s\u00e5 lenge du m\u00f8ter opp med gl\u00f8d og arbeidsvilje.<\/p>\n<p data-start=\"1435\" data-end=\"1582\"><strong data-start=\"1435\" data-end=\"1452\">Er dette deg?<\/strong><\/p>\n<p>Send s\u00f8knad med CV og referanser p\u00e5 epost til (post@glodexplorer.no)<\/p>\n<h4 id=\"\"><\/h4>\n<h4 id=\"\"><\/h4>\n<p>&nbsp;<\/p>\n","protected":false},"excerpt":{"rendered":"<p>Guide (100% stilling) STILLINGEN ER BESATT Vi er p\u00e5 jakt etter den gode guiden! Det kan v\u00e6re at du er utdannet Arktisk Naturguide, eller innen historie, samfunnsvitenskap, innen biologi, geologi eller geografi &#8211; eller annet. Minst like viktig er imidlertid at du er stolt av det nordnorske, har &laquo;GL\u00d8D&raquo; og er lidenskapelig opptatt av friluftsliv. &hellip; <\/p>\n<p class=\"read-more-link\"><a href=\"https:\/\/www.glodexplorer.no\/nb\/informasjon\/jobbe-i-glod\/\">Les mer <span class=\"screen-reader-text\"> &laquo;Jobbe i Gl\u00f8d<\/span> &laquo;<\/a><\/p>\n","protected":false},"author":4,"featured_media":13744,"parent":287,"menu_order":0,"comment_status":"closed","ping_status":"closed","template":"","meta":{"_acf_changed":false,"footnotes":""},"class_list":["post-10644","page","type-page","status-publish","has-post-thumbnail","hentry"],"acf":[],"aioseo_notices":[],"_links":{"self":[{"href":"https:\/\/www.glodexplorer.no\/nb\/wp-json\/wp\/v2\/pages\/10644","targetHints":{"allow":["GET"]}}],"collection":[{"href":"https:\/\/www.glodexplorer.no\/nb\/wp-json\/wp\/v2\/pages"}],"about":[{"href":"https:\/\/www.glodexplorer.no\/nb\/wp-json\/wp\/v2\/types\/page"}],"author":[{"embeddable":true,"href":"https:\/\/www.glodexplorer.no\/nb\/wp-json\/wp\/v2\/users\/4"}],"replies":[{"embeddable":true,"href":"https:\/\/www.glodexplorer.no\/nb\/wp-json\/wp\/v2\/comments?post=10644"}],"version-history":[{"count":23,"href":"https:\/\/www.glodexplorer.no\/nb\/wp-json\/wp\/v2\/pages\/10644\/revisions"}],"predecessor-version":[{"id":20409,"href":"https:\/\/www.glodexplorer.no\/nb\/wp-json\/wp\/v2\/pages\/10644\/revisions\/20409"}],"up":[{"embeddable":true,"href":"https:\/\/www.glodexplorer.no\/nb\/wp-json\/wp\/v2\/pages\/287"}],"wp:featuredmedia":[{"embeddable":true,"href":"https:\/\/www.glodexplorer.no\/nb\/wp-json\/wp\/v2\/media\/13744"}],"wp:attachment":[{"href":"https:\/\/www.glodexplorer.no\/nb\/wp-json\/wp\/v2\/media?parent=10644"}],"curies":[{"name":"wp","href":"https:\/\/api.w.org\/{rel}","templated":true}]}}