{"id":14639,"date":"2022-04-19T14:10:52","date_gmt":"2022-04-19T12:10:52","guid":{"rendered":"https:\/\/www.glodexplorer.no\/?page_id=14639"},"modified":"2025-11-20T15:57:47","modified_gmt":"2025-11-20T14:57:47","slug":"ansatte","status":"publish","type":"page","link":"https:\/\/www.glodexplorer.no\/nb\/informasjon\/ansatte\/","title":{"rendered":"V\u00e5re ansatte"},"content":{"rendered":"<h4 id=\"juliette-rouesse\">Juliette Rouesse<\/h4>\n<p style=\"font-weight: 400;\"><em>Guide<\/em><\/p>\n<h4 id=\"\"><img loading=\"lazy\" decoding=\"async\" class=\"alignnone wp-image-20252 size-medium\" src=\"https:\/\/www.glodexplorer.no\/wp-content\/uploads\/2025\/11\/whatsapp-image-2025-11-17-at-215016-225x300.jpeg\" alt=\"\" width=\"225\" height=\"300\" srcset=\"https:\/\/www.glodexplorer.no\/wp-content\/uploads\/2025\/11\/whatsapp-image-2025-11-17-at-215016-225x300.jpeg 225w, https:\/\/www.glodexplorer.no\/wp-content\/uploads\/2025\/11\/whatsapp-image-2025-11-17-at-215016-768x1024.jpeg 768w, https:\/\/www.glodexplorer.no\/wp-content\/uploads\/2025\/11\/whatsapp-image-2025-11-17-at-215016-1152x1536.jpeg 1152w, https:\/\/www.glodexplorer.no\/wp-content\/uploads\/2025\/11\/whatsapp-image-2025-11-17-at-215016.jpeg 1200w\" sizes=\"auto, (max-width: 225px) 100vw, 225px\" \/><\/h4>\n<p style=\"font-weight: 400;\"><b>Bakgrunn:<\/b><\/p>\n<p>Juliette byttet ut rugby og en ingeni\u00f8rjobb i Paris \u2013 hvor det alltid var altfor varmt \u2013 med friluftsliv i Norge. Etter \u00e5 ha jobbet p\u00e5 en seilb\u00e5t og senere med sledehunder, begynte hun p\u00e5 en bachelorgrad i friluftsliv i Alta og Svalbard. Der oppdaget hun sin lidenskap for utfordringen med lange skiturer.<\/p>\n<p>N\u00e5r hun har fri, er hun enten ute og gj\u00f8r det dagen krever, eller inne og leser og trener for enda flere eventyr.<\/p>\n<p style=\"font-weight: 400;\"><b>Funfact:<\/b> Hennes f\u00f8rste karriereendrende id\u00e9 var \u00e5 bli strutsejockey.<\/p>\n<p>&nbsp;<\/p>\n<h4 id=\"emil-telje\">Emil Telje<\/h4>\n<p style=\"font-weight: 400;\"><em>Guide<\/em><\/p>\n<h4 id=\"\"><img loading=\"lazy\" decoding=\"async\" class=\"alignnone wp-image-20082 size-medium\" src=\"https:\/\/www.glodexplorer.no\/wp-content\/uploads\/2025\/10\/1000010064-225x300.jpg\" alt=\"\" width=\"225\" height=\"300\" srcset=\"https:\/\/www.glodexplorer.no\/wp-content\/uploads\/2025\/10\/1000010064-225x300.jpg 225w, https:\/\/www.glodexplorer.no\/wp-content\/uploads\/2025\/10\/1000010064-768x1024.jpg 768w, https:\/\/www.glodexplorer.no\/wp-content\/uploads\/2025\/10\/1000010064-1152x1536.jpg 1152w, https:\/\/www.glodexplorer.no\/wp-content\/uploads\/2025\/10\/1000010064-1500x2000.jpg 1500w, https:\/\/www.glodexplorer.no\/wp-content\/uploads\/2025\/10\/1000010064.jpg 1536w\" sizes=\"auto, (max-width: 225px) 100vw, 225px\" \/><\/h4>\n<p style=\"font-weight: 400;\"><b>Bakgrunn:<\/b> F\u00f8dt og oppvokst i Asker med skil\u00f8yper, fotballbaner og skog som n\u00e6rmeste naboer. Etter halvannet \u00e5r som grensejeger i Finnmark var det \u00e5penbart at det var friluftsliv, jakt og fiske resten av livet skulle vies til. Dermed ble bachelor i arktisk friluftsliv og master i idrettsvitenskap p\u00e5 UiT i Alta den eneste naturlige veien videre. Er han ikke p\u00e5 jobb er han som regel \u00e5 finne i en bratt fjellvegg, med hagle p\u00e5 ryggen eller ski p\u00e5 beina, og helst begge deler.<\/p>\n<p style=\"font-weight: 400;\"><b>Funfact:<\/b> Hevder han har vandrerblod i \u00e5rene, ettersom mormoren sine forfedre vistnok var sig\u00f8ynere som innvandret til Finnmark fra Romania. Han er dermed avhengig av \u00e5 v\u00e6re i bevegelse.<\/p>\n<p>&nbsp;<\/p>\n<h4 id=\"trygve-nygard\">Trygve Nyg\u00e5rd<\/h4>\n<p><em>Founder &#8211; Owner &#8211; CEO &#8211; guide<\/em><\/p>\n<h4 id=\"\"><img loading=\"lazy\" decoding=\"async\" width=\"300\" height=\"225\" class=\"alignnone size-medium wp-image-14651\" src=\"https:\/\/www.glodexplorer.no\/wp-content\/uploads\/2022\/04\/trygvenygard-1-300x225.jpg\" alt=\"\" srcset=\"https:\/\/www.glodexplorer.no\/wp-content\/uploads\/2022\/04\/trygvenygard-1-300x225.jpg 300w, https:\/\/www.glodexplorer.no\/wp-content\/uploads\/2022\/04\/trygvenygard-1-1024x768.jpg 1024w, https:\/\/www.glodexplorer.no\/wp-content\/uploads\/2022\/04\/trygvenygard-1-768x576.jpg 768w, https:\/\/www.glodexplorer.no\/wp-content\/uploads\/2022\/04\/trygvenygard-1-1536x1152.jpg 1536w, https:\/\/www.glodexplorer.no\/wp-content\/uploads\/2022\/04\/trygvenygard-1-1500x1125.jpg 1500w, https:\/\/www.glodexplorer.no\/wp-content\/uploads\/2022\/04\/trygvenygard-1.jpg 1920w\" sizes=\"auto, (max-width: 300px) 100vw, 300px\" \/><\/h4>\n<p><strong>Bakgrunn: <\/strong>Trygve er fra Bognelvdalen i Alta Kommune. Han er utdannet innen bygg\/anlegg med papirer p\u00e5 \u00e5 kj\u00f8re anleggsmaskiner, mobilkran, truck og vogntog. S\u00e5 tok livet en annen vending og han startet sin universitetsutdanning med BA i idrett og friluftsliv og til sist MA i Reiseliv. Startet GL\u00d8D i 2005. Trygve er glad i lange turer og har b\u00e5de syklet Norge p\u00e5 langs, og g\u00e5tt Norge og Spitsbergen p\u00e5 langs, p\u00e5 ski. Har syklet OffroadFinnmark flere ganger.<\/p>\n<p><strong>Funfact:\u00a0<\/strong>Bor tretti meter fra kontoret, men presterer alltid \u00e5 komme for seint p\u00e5 jobb.<\/p>\n<p>&nbsp;<\/p>\n<h4 id=\"aksel-mjelde\">Aksel Mjelde<\/h4>\n<p style=\"font-weight: 400;\"><em>Guide<\/em><\/p>\n<p>&nbsp;<\/p>\n<p><strong>Odd Helge Haugsnes<\/strong><\/p>\n<p><em>Guide<\/em><\/p>\n<p>&nbsp;<\/p>\n<p><strong>Luisa Kapfelsperger<\/strong><\/p>\n<p><em>Guide og frokostvert<\/em><\/p>\n<p>&nbsp;<\/p>\n<h4 id=\"simone-ciancolini\">Simone CianColini<\/h4>\n<p><em>Kokk<\/em><\/p>\n<h4 id=\"\"><img loading=\"lazy\" decoding=\"async\" class=\"alignnone wp-image-19720 size-medium\" src=\"https:\/\/www.glodexplorer.no\/wp-content\/uploads\/2025\/02\/attk0sht08mugi-hy92bwrcjw89efwjvhlvaiss-yavefm-225x300.jpg\" alt=\"\" width=\"225\" height=\"300\" srcset=\"https:\/\/www.glodexplorer.no\/wp-content\/uploads\/2025\/02\/attk0sht08mugi-hy92bwrcjw89efwjvhlvaiss-yavefm-225x300.jpg 225w, https:\/\/www.glodexplorer.no\/wp-content\/uploads\/2025\/02\/attk0sht08mugi-hy92bwrcjw89efwjvhlvaiss-yavefm-768x1024.jpg 768w, https:\/\/www.glodexplorer.no\/wp-content\/uploads\/2025\/02\/attk0sht08mugi-hy92bwrcjw89efwjvhlvaiss-yavefm-1152x1536.jpg 1152w, https:\/\/www.glodexplorer.no\/wp-content\/uploads\/2025\/02\/attk0sht08mugi-hy92bwrcjw89efwjvhlvaiss-yavefm-1500x2000.jpg 1500w, https:\/\/www.glodexplorer.no\/wp-content\/uploads\/2025\/02\/attk0sht08mugi-hy92bwrcjw89efwjvhlvaiss-yavefm.jpg 1536w\" sizes=\"auto, (max-width: 225px) 100vw, 225px\" \/><\/h4>\n<p style=\"font-weight: 400;\"><b>Bakgrunn:<\/b> Opprinnelig fra Italia, kom til Gl\u00f8d sommeren 2023.<\/p>\n<p style=\"font-weight: 400;\"><b>Funfact:<\/b> Nyter den arktiske naturen til fots eller p\u00e5 sn\u00f8skuter. Simo dr\u00f8mmer om \u00e5 ta jegerpr\u00f8ven slik at han kan g\u00e5 p\u00e5 jakt.<\/p>\n<p>&nbsp;<\/p>\n<h4 id=\"isabel-derosa\">Isabel Derosa<\/h4>\n<p><em>Frokostvert<\/em><\/p>\n<h4 id=\"\"><img loading=\"lazy\" decoding=\"async\" class=\"alignnone wp-image-19359 size-medium\" src=\"https:\/\/www.glodexplorer.no\/wp-content\/uploads\/2024\/10\/img-4977-224x300.jpeg\" alt=\"\" width=\"224\" height=\"300\" srcset=\"https:\/\/www.glodexplorer.no\/wp-content\/uploads\/2024\/10\/img-4977-224x300.jpeg 224w, https:\/\/www.glodexplorer.no\/wp-content\/uploads\/2024\/10\/img-4977-766x1024.jpeg 766w, https:\/\/www.glodexplorer.no\/wp-content\/uploads\/2024\/10\/img-4977-768x1027.jpeg 768w, https:\/\/www.glodexplorer.no\/wp-content\/uploads\/2024\/10\/img-4977-1149x1536.jpeg 1149w, https:\/\/www.glodexplorer.no\/wp-content\/uploads\/2024\/10\/img-4977-scaled.jpeg 1531w, https:\/\/www.glodexplorer.no\/wp-content\/uploads\/2024\/10\/img-4977-1500x2006.jpeg 1500w\" sizes=\"auto, (max-width: 224px) 100vw, 224px\" \/><\/h4>\n<p style=\"font-weight: 400;\"><b>Bakgrunn:<\/b> Opprinnelig fra Italia, kom til Gl\u00f8d sommeren 2023.<\/p>\n<p style=\"font-weight: 400;\"><b>Funfact:<\/b> Har tre digre gjeterhunder som fyller hele bilen hennes n\u00e5r hun drar p\u00e5 tur med dem. Isabel elsker tatoveringer og har blant annet en av en fargerik og litt fyldig enhj\u00f8rning.<\/p>\n<p>&nbsp;<\/p>\n<h4 id=\"tor-even-aas\">Tor Even Aas<\/h4>\n<p><em>Kokk<\/em><\/p>\n<p><img loading=\"lazy\" decoding=\"async\" width=\"285\" height=\"300\" class=\"alignnone size-medium wp-image-14680\" src=\"https:\/\/www.glodexplorer.no\/wp-content\/uploads\/2022\/04\/img-1075-285x300.jpeg\" alt=\"\" srcset=\"https:\/\/www.glodexplorer.no\/wp-content\/uploads\/2022\/04\/img-1075-285x300.jpeg 285w, https:\/\/www.glodexplorer.no\/wp-content\/uploads\/2022\/04\/img-1075-972x1024.jpeg 972w, https:\/\/www.glodexplorer.no\/wp-content\/uploads\/2022\/04\/img-1075-768x809.jpeg 768w, https:\/\/www.glodexplorer.no\/wp-content\/uploads\/2022\/04\/img-1075.jpeg 1157w\" sizes=\"auto, (max-width: 285px) 100vw, 285px\" \/><\/p>\n<p><strong>Bakgrunn:\u00a0<\/strong>Grand old man p\u00e5 kj\u00f8kkenet. Han har full kotroll og ingenting vipper han av pinnen n\u00e5r han trakterer grytene. Har drevet det meste av kj\u00f8kken i Alta, samt servert det meste tilberedt over b\u00e5l. Hvis Tor Even sier &laquo;ja, jeg hadde betalt for det (maten)&raquo;, da vet du at maten er god!<\/p>\n<p><strong>Funfact:\u00a0<\/strong>Tor Even er fuglehund-mann p\u00e5 sin hals. Og det er kun Pointer det g\u00e5r i. Fuglearbeidet skal v\u00e6re mer en perfekt f\u00f8r han l\u00f8fter hagla!<\/p>\n<p>&nbsp;<\/p>\n<p><strong>James Malloy<\/strong><\/p>\n<p><em>Guide<\/em><\/p>\n<p>&nbsp;<\/p>\n<p><strong>Virginie Peters<\/strong><\/p>\n<p><em>Guide<\/em><\/p>\n<p>&nbsp;<\/p>\n<h4 id=\"nikola-galovic\">Nikola Galovic<\/h4>\n<p><em>Guide<\/em><\/p>\n<p><img loading=\"lazy\" decoding=\"async\" class=\"alignnone wp-image-19698 size-medium\" src=\"https:\/\/www.glodexplorer.no\/wp-content\/uploads\/2025\/01\/img-20241104-wa0009-300x300.jpg\" alt=\"\" width=\"300\" height=\"300\" srcset=\"https:\/\/www.glodexplorer.no\/wp-content\/uploads\/2025\/01\/img-20241104-wa0009-300x300.jpg 300w, https:\/\/www.glodexplorer.no\/wp-content\/uploads\/2025\/01\/img-20241104-wa0009-150x150.jpg 150w, https:\/\/www.glodexplorer.no\/wp-content\/uploads\/2025\/01\/img-20241104-wa0009-768x768.jpg 768w, https:\/\/www.glodexplorer.no\/wp-content\/uploads\/2025\/01\/img-20241104-wa0009-700x700.jpg 700w, https:\/\/www.glodexplorer.no\/wp-content\/uploads\/2025\/01\/img-20241104-wa0009-400x400.jpg 400w, https:\/\/www.glodexplorer.no\/wp-content\/uploads\/2025\/01\/img-20241104-wa0009-600x600.jpg 600w, https:\/\/www.glodexplorer.no\/wp-content\/uploads\/2025\/01\/img-20241104-wa0009.jpg 787w\" sizes=\"auto, (max-width: 300px) 100vw, 300px\" \/><\/p>\n<p><strong>Bakgrunn: <\/strong>Opprinnelig fra Kroatia.<\/p>\n<p>Bakgrunn innen informatikk og \u00f8konomi. Ble lei kontorlivet og milde vintre, s\u00e5 han flyktet til Norge p\u00e5 jakt etter kaldere v\u00e6r, og beveget seg stadig lenger nord hvert \u00e5r. Tilbrakte nesten 7 \u00e5r med hundekj\u00f8ring over hele Norge (og noen ganger Finland), fra R\u00f8ros til Troms\u00f8 og Alta. Elsker de kalde og vindfulle forholdene og pr\u00f8ver fortsatt \u00e5 komme seg opp p\u00e5 en hundeslede enhver sjanse han f\u00e5r.<\/p>\n<p><strong>Funfact: <\/strong>Har aldri hatt hodepine i hele livet, drikker ikke kaffe (ingen forst\u00e5r hva som driver ham) og er en stor matte- og fysikknerd.<\/p>\n","protected":false},"excerpt":{"rendered":"<p>Juliette Rouesse Guide Bakgrunn: Juliette byttet ut rugby og en ingeni\u00f8rjobb i Paris \u2013 hvor det alltid var altfor varmt \u2013 med friluftsliv i Norge. Etter \u00e5 ha jobbet p\u00e5 en seilb\u00e5t og senere med sledehunder, begynte hun p\u00e5 en bachelorgrad i friluftsliv i Alta og Svalbard. Der oppdaget hun sin lidenskap for utfordringen med &hellip; <\/p>\n<p class=\"read-more-link\"><a href=\"https:\/\/www.glodexplorer.no\/nb\/informasjon\/ansatte\/\">Les mer <span class=\"screen-reader-text\"> &laquo;V\u00e5re ansatte<\/span> &laquo;<\/a><\/p>\n","protected":false},"author":7,"featured_media":10605,"parent":287,"menu_order":0,"comment_status":"closed","ping_status":"closed","template":"","meta":{"_acf_changed":false,"footnotes":""},"class_list":["post-14639","page","type-page","status-publish","has-post-thumbnail","hentry"],"acf":[],"aioseo_notices":[],"_links":{"self":[{"href":"https:\/\/www.glodexplorer.no\/nb\/wp-json\/wp\/v2\/pages\/14639","targetHints":{"allow":["GET"]}}],"collection":[{"href":"https:\/\/www.glodexplorer.no\/nb\/wp-json\/wp\/v2\/pages"}],"about":[{"href":"https:\/\/www.glodexplorer.no\/nb\/wp-json\/wp\/v2\/types\/page"}],"author":[{"embeddable":true,"href":"https:\/\/www.glodexplorer.no\/nb\/wp-json\/wp\/v2\/users\/7"}],"replies":[{"embeddable":true,"href":"https:\/\/www.glodexplorer.no\/nb\/wp-json\/wp\/v2\/comments?post=14639"}],"version-history":[{"count":2,"href":"https:\/\/www.glodexplorer.no\/nb\/wp-json\/wp\/v2\/pages\/14639\/revisions"}],"predecessor-version":[{"id":20263,"href":"https:\/\/www.glodexplorer.no\/nb\/wp-json\/wp\/v2\/pages\/14639\/revisions\/20263"}],"up":[{"embeddable":true,"href":"https:\/\/www.glodexplorer.no\/nb\/wp-json\/wp\/v2\/pages\/287"}],"wp:featuredmedia":[{"embeddable":true,"href":"https:\/\/www.glodexplorer.no\/nb\/wp-json\/wp\/v2\/media\/10605"}],"wp:attachment":[{"href":"https:\/\/www.glodexplorer.no\/nb\/wp-json\/wp\/v2\/media?parent=14639"}],"curies":[{"name":"wp","href":"https:\/\/api.w.org\/{rel}","templated":true}]}}