{"id":14748,"date":"2022-04-29T11:33:17","date_gmt":"2022-04-29T09:33:17","guid":{"rendered":"https:\/\/www.glodexplorer.no\/?page_id=14748"},"modified":"2024-06-24T15:24:44","modified_gmt":"2024-06-24T13:24:44","slug":"bedrifter-grupper","status":"publish","type":"page","link":"https:\/\/www.glodexplorer.no\/nb\/bedrifter-grupper\/","title":{"rendered":"Bedrifter og grupper"},"content":{"rendered":"<p><strong><strong>GL\u00d8D\u00a0<strong>tilbyr\u00a0skreddersydde naturbaserte, arktiske aktiviteter, opplevelser og ekspedisjoner for enkeltpersoner og grupper.\u00a0<\/strong>P\u00e5 ski, til fots, p\u00e5 terrengsykkel eller i kano \u2013 med eller uten hjelp av polarhunder som drar slede, pulk eller b\u00e6rer kl\u00f8v.<\/strong><\/strong><\/p>\n<p><strong>V\u00e5re villmarksguider<br \/>\n<\/strong>De som har v\u00e6rt p\u00e5 tur med oss tidligere vet at v\u00e5re villmarksguider er dyktige og erfarne turledere, utstyret vi benytter er velpr\u00f8vd og solid, og at vi aldri\u00a0kompromisser med sikkerhet.<\/p>\n<p><strong>Naturens festmeny<br \/>\n<\/strong>Hos oss er ogs\u00e5 den kulinariske opplevelsen viktig! Som v\u00e5r gjest f\u00e5r du oppleve kortreist mat der v\u00e5re retter er\u00a0tilberedt av kortreiste r\u00e5varer som vilt, fisk, kongekrabbe og b\u00e6r.<\/p>\n<p><strong>Milj\u00f8<br \/>\n<\/strong>GL\u00d8D \u00f8nsker \u00e5 bidra til et b\u00e6rekraftig friluftsliv slik at naturen skal vare og dermed v\u00e6re til glede ogs\u00e5 for de som kommer etter oss.<\/p>\n<p><strong><strong>Vi i GL\u00d8D\u00a0<strong>\u00f8nsker\u00a0\u00e5 gi deg de beste naturopplevelsene!<\/strong><\/strong><\/strong><\/p>\n","protected":false},"excerpt":{"rendered":"<p>GL\u00d8D\u00a0tilbyr\u00a0skreddersydde naturbaserte, arktiske aktiviteter, opplevelser og ekspedisjoner for enkeltpersoner og grupper.\u00a0P\u00e5 ski, til fots, p\u00e5 terrengsykkel eller i kano \u2013 med eller uten hjelp av polarhunder som drar slede, pulk eller b\u00e6rer kl\u00f8v. V\u00e5re villmarksguider De som har v\u00e6rt p\u00e5 tur med oss tidligere vet at v\u00e5re villmarksguider er dyktige og erfarne turledere, utstyret vi &hellip; <\/p>\n<p class=\"read-more-link\"><a href=\"https:\/\/www.glodexplorer.no\/nb\/bedrifter-grupper\/\">Les mer <span class=\"screen-reader-text\"> &laquo;Bedrifter og grupper<\/span> &laquo;<\/a><\/p>\n","protected":false},"author":4,"featured_media":0,"parent":0,"menu_order":0,"comment_status":"closed","ping_status":"closed","template":"templates\/page-business.php","meta":{"_acf_changed":false,"footnotes":""},"class_list":["post-14748","page","type-page","status-publish","hentry"],"acf":[],"aioseo_notices":[],"_links":{"self":[{"href":"https:\/\/www.glodexplorer.no\/nb\/wp-json\/wp\/v2\/pages\/14748","targetHints":{"allow":["GET"]}}],"collection":[{"href":"https:\/\/www.glodexplorer.no\/nb\/wp-json\/wp\/v2\/pages"}],"about":[{"href":"https:\/\/www.glodexplorer.no\/nb\/wp-json\/wp\/v2\/types\/page"}],"author":[{"embeddable":true,"href":"https:\/\/www.glodexplorer.no\/nb\/wp-json\/wp\/v2\/users\/4"}],"replies":[{"embeddable":true,"href":"https:\/\/www.glodexplorer.no\/nb\/wp-json\/wp\/v2\/comments?post=14748"}],"version-history":[{"count":2,"href":"https:\/\/www.glodexplorer.no\/nb\/wp-json\/wp\/v2\/pages\/14748\/revisions"}],"predecessor-version":[{"id":19044,"href":"https:\/\/www.glodexplorer.no\/nb\/wp-json\/wp\/v2\/pages\/14748\/revisions\/19044"}],"wp:attachment":[{"href":"https:\/\/www.glodexplorer.no\/nb\/wp-json\/wp\/v2\/media?parent=14748"}],"curies":[{"name":"wp","href":"https:\/\/api.w.org\/{rel}","templated":true}]}}