{"id":150,"date":"2012-04-25T14:54:53","date_gmt":"2012-04-25T14:54:53","guid":{"rendered":"http:\/\/glodexplorer.no\/?page_id=150"},"modified":"2018-08-06T17:14:03","modified_gmt":"2018-08-06T17:14:03","slug":"om-glod","status":"publish","type":"page","link":"https:\/\/www.glodexplorer.no\/nb\/om-glod\/","title":{"rendered":"Om GL\u00d8D"},"content":{"rendered":"<p>GL\u00d8D ble startet i 2005 og tilbyr, med utgangspunkt i Alta og Finnmark, skreddersydde arktiske turer og ekspedisjoner for enkeltpersoner og grupper.<\/p>\n<p>Sommeren 2015 flyttet vi inn i helt nye og moderne lokaler p\u00e5 Jordfallet i \u00d8vre Alta. Dette har skapt en helt ny og mer praktisk og str\u00f8mlinjeformet hverdag b\u00e5de for ansatte og gjester. De fleste av v\u00e5re turer starter eller avsluttes her.<\/p>\n<p><a href=\"https:\/\/www.facebook.com\/pg\/GLODexplorer\/photos\/?tab=album&amp;album_id=1137723176334973\" target=\"_blank\" rel=\"noopener\">Se bilder fra GL\u00d8D Headquarters her.<\/a><\/p>\n<p><strong>Typiske GL\u00d8D opplevelser og aktiviteter er:<\/strong><\/p>\n<ul>\n<li>Skiturer og ekspedisjoner<\/li>\n<li>Terrengsykling, turer og kurs<\/li>\n<li>Kano- og kajakkturer<\/li>\n<li>Nordlysopplevelser<\/li>\n<li>Fatbiketurer<\/li>\n<li>Vandring<\/li>\n<li>Utleie av terrengsykkel, fatbike, kano, kajakk, ski og truger<\/li>\n<\/ul>\n<ul>\n<li>Firmaopplevelser med fokus p\u00e5 lag\u00e5ndbygging gjennom aktiviteter som\u00a0Geo Caching, 71 grader Nord, bueskyting, leirdueskyting, matkonkurranse etc<\/li>\n<li>Servering av lunsj og middag i forbindelse med aktiviteter, i stor lavvo ute i felten eller p\u00e5 headquarters<\/li>\n<\/ul>\n<p><strong><br \/>\nKvalitet<br \/>\n<\/strong>GL\u00d8D\u00a0tar m\u00e5l av seg \u00e5 levere naturopplevelser av h\u00f8yeste kvalitet.\u00a0Turene representerer\u00a0derfor\u00a0indrefileten fra v\u00e5r landsdel og er n\u00f8ye planlagt for \u00e5 gi deg som gjest de beste opplevelsene.<\/p>\n<p>De som har v\u00e6rt p\u00e5 tur med oss tidligere vet at v\u00e5re villmarksguider er dyktige og erfarne turledere, utstyret vi benytter er velpr\u00f8vd og solid, og at vi aldri\u00a0kompromisser med sikkerhet.<\/p>\n<p><strong>Matopplevelser<br \/>\n<\/strong>Hos oss er ogs\u00e5 den kulinariske opplevelsen viktig! Som v\u00e5r gjest f\u00e5r du oppleve kortreist mat der v\u00e5re retter er\u00a0tilberedt av lokale r\u00e5varer som vilt, fisk, kongekrabbe og b\u00e6r.<\/p>\n<p>Dette betyr at om du kun er ute etter de\u00a0laveste prisene eller et firma som \u201dtar det som det kommer n\u00e5r det kommer\u201d er vi feil team.<\/p>\n<p><strong>Samarbeid og b\u00e6rekraftighet<\/strong><br \/>\nGl\u00f8d \u00f8nsker \u00e5 stimulere til samarbeid b\u00e5de innad i reiselivsn\u00e6ringen, men ogs\u00e5 til andre omr\u00e5der. Vi tar m\u00e5l av oss \u00e5 i s\u00e5 stor grad som mulig handle lokalt, og oppfordrer ogs\u00e5 v\u00e5re guider og gjester til \u00e5 gj\u00f8re det samme.<\/p>\n<p>Vi har et godt samarbeid med lokale og regionale reiselivsakt\u00f8rer som VisitAlta, Sorrisniva, Trasti &amp; Trine, Holmen Husky, Parken G\u00e5rd, Thon Hotel og Scandic Hotel. Dessuten alle Fjellstuene p\u00e5 vidda; Jotka, Mollisjok, Gargia, Suolovuopmi og Ravnastua.<\/p>\n<p>Utenfor n\u00e6ringen\u00a0samarbeider GL\u00d8D tett med Universitetet i Troms\u00f8, Norges Arktiske Universitet, Campus Alta, ved at studenter f\u00e5r praksisplass hos oss, at studenter aktivt benytter v\u00e5re opplevelser og aktiviteter i oppgaver og besvarelser, og ved at vi er stakeholdere i forskningsprosjekt i lag med andre reiselivsbedrifter i regionen som Sorrisniva og Hurtigruten.<br \/>\nVi samarbeider ogs\u00e5 med Alta videreg\u00e5ende skole der elever benytter oss som sparringspartnere i ulike settinger.<\/p>\n<p>Gl\u00f8d er medlem av NHO Reiseliv og Reisegarantifondet<\/p>\n<p><strong>Milj\u00f8<\/strong><br \/>\nGL\u00d8D \u00f8nsker \u00e5 etterlate et s\u00e5 lite avtrykk i naturen som mulig. V\u00e5r fremferd er derfor preget av respekt, varsomhet og m\u00e5tehold. Likevel er vi glad i b\u00e5de vilt, fisk og b\u00e6r og h\u00f8ster n\u00e5r naturen gir av sin overflod. Underveis rydder vi opp etter oss, og et viktig prinsipp er for oss sporl\u00f8s ferdsel.<\/p>\n<p><strong>Halddemarsjen<br \/>\n<\/strong>Hvert \u00e5r arrangerer GL\u00d8D <a href=\"http:\/\/www.halddemarsjen.com\/\" target=\"_blank\" rel=\"noopener\">Halddemarsjen<\/a>, en fjellmarsj og motbakkel\u00f8p fra K\u00e5fjord utenfor Alta, opp til nordlysobservatoriet p\u00e5 Halddetoppen. Du finner ogs\u00e5 info om dette p\u00e5 marsjens egen <a href=\"https:\/\/www.facebook.com\/Haldde\" target=\"_blank\" rel=\"noopener\">facebookside<\/a>.<\/p>\n","protected":false},"excerpt":{"rendered":"<p>GL\u00d8D ble startet i 2005 og tilbyr, med utgangspunkt i Alta og Finnmark, skreddersydde arktiske turer og ekspedisjoner for enkeltpersoner og grupper. Sommeren 2015 flyttet vi inn i helt nye og moderne lokaler p\u00e5 Jordfallet i \u00d8vre Alta. Dette har skapt en helt ny og mer praktisk og str\u00f8mlinjeformet hverdag b\u00e5de for ansatte og gjester. &hellip; <\/p>\n<p class=\"read-more-link\"><a href=\"https:\/\/www.glodexplorer.no\/nb\/om-glod\/\">Les mer <span class=\"screen-reader-text\"> &laquo;Om GL\u00d8D<\/span> &laquo;<\/a><\/p>\n","protected":false},"author":7,"featured_media":0,"parent":0,"menu_order":700,"comment_status":"open","ping_status":"closed","template":"","meta":{"_acf_changed":false,"footnotes":""},"class_list":["post-150","page","type-page","status-publish","hentry"],"acf":[],"aioseo_notices":[],"_links":{"self":[{"href":"https:\/\/www.glodexplorer.no\/nb\/wp-json\/wp\/v2\/pages\/150","targetHints":{"allow":["GET"]}}],"collection":[{"href":"https:\/\/www.glodexplorer.no\/nb\/wp-json\/wp\/v2\/pages"}],"about":[{"href":"https:\/\/www.glodexplorer.no\/nb\/wp-json\/wp\/v2\/types\/page"}],"author":[{"embeddable":true,"href":"https:\/\/www.glodexplorer.no\/nb\/wp-json\/wp\/v2\/users\/7"}],"replies":[{"embeddable":true,"href":"https:\/\/www.glodexplorer.no\/nb\/wp-json\/wp\/v2\/comments?post=150"}],"version-history":[{"count":0,"href":"https:\/\/www.glodexplorer.no\/nb\/wp-json\/wp\/v2\/pages\/150\/revisions"}],"wp:attachment":[{"href":"https:\/\/www.glodexplorer.no\/nb\/wp-json\/wp\/v2\/media?parent=150"}],"curies":[{"name":"wp","href":"https:\/\/api.w.org\/{rel}","templated":true}]}}