{"id":156,"date":"2012-04-25T14:58:53","date_gmt":"2012-04-25T14:58:53","guid":{"rendered":"http:\/\/glodexplorer.no\/?page_id=156"},"modified":"2026-03-23T09:29:38","modified_gmt":"2026-03-23T08:29:38","slug":"reise-og-betalingsvilkar","status":"publish","type":"page","link":"https:\/\/www.glodexplorer.no\/nb\/om-glod\/reise-og-betalingsvilkar\/","title":{"rendered":"Reise- og betalingsvilk\u00e5r"},"content":{"rendered":"<h4 id=\"bestilling\">Bestilling<\/h4>\n<p>Manuelle bookinger kan gj\u00f8res n\u00e5r som helst f\u00f8r avreise, p\u00e5 e-post eller telefon.<\/p>\n<h4 id=\"betaling\">Betaling<\/h4>\n<p>V\u00e5re priser er i norske kroner (NOK) inkludert norske avgifter. Betaling skjer i NOK. Fakturagebyr kr 50 vil p\u00e5l\u00f8pe hver faktura. Betaling med kredittkort gir en ekstra avgift p\u00e5 3,5% beregnet p\u00e5 totalsummen, til kredittkortselskapet.<\/p>\n<p><strong>Ved booking online:<\/strong><br \/>\n\u2022 Hele opplevelsen betales ved booking<\/p>\n<p><strong>For opplevelser (pakker etc) som bookes manuelt:<\/strong><\/p>\n<ul>\n<li>Hele opplevelsen betales ved booking<\/li>\n<li>Betaling kan gj\u00f8res via direkte bankoverf\u00f8ring (faktura) eller e-betalingslenke sendt via e-post eller SMS.<\/li>\n<li>Faktura eller betalingslenke sendes med fastsatt betalingsfrist. Normalt 2 uker.<\/li>\n<li>Dersom betalingen ikke finner sted innen fastsatt dato, forbeholder GL\u00d8D Explorer seg retten til \u00e5 kansellere bestillingen uten varsel. En kanselleringsbekreftelse vil bli sendt p\u00e5 e-post<\/li>\n<\/ul>\n<h4 id=\"kansellering\">Kansellering<\/h4>\n<p>Avbestilling skal v\u00e6re skriftlig og m\u00e5 bekreftes av GL\u00d8D Explorer med avbestillingsbekreftelse f\u00f8r<br \/>\nkanselleringen kan oppfylles.<br \/>\nAvbestillingsvilk\u00e5r:<\/p>\n<ul>\n<li>Kansellering 30 dager eller mer f\u00f8r ankomst: 10 % beholdes av GL\u00d8D Explorer<\/li>\n<li>Kansellering mellom 29 og 15 dager f\u00f8r ankomst: 50 % av total bestillingsverdi belastes i tillegg til<br \/>\ndepositumet p\u00e5 10 % som allerede er betalt.<\/li>\n<li>Kansellering innen 14 dager f\u00f8r ankomst vil ikke medf\u00f8re refusjon.<\/li>\n<li>Kansellering av leverand\u00f8r:<br \/>\nKansellering gjort av Leverand\u00f8r (GL\u00d8D Explorer) kan gj\u00f8res p\u00e5 grunn av v\u00e6rforhold og sikkerhetshensyn for<br \/>\ngjestene. Etter beste evne vil en alternativ opplevelse tilbys, og dette er valgfritt<br \/>\nakseptere. Hvis en del av en pakke, vil en eventuell refusjon kun gjelde for den kansellerte opplevelsen eller tjenesten.<\/li>\n<\/ul>\n<h4 id=\"avbestilling-pa-grunn-av-sykdom\">Avbestilling p\u00e5 grunn av sykdom<\/h4>\n<p>Avbestillingsforsikring inng\u00e5r ikke i reisens pris.<\/p>\n<h4 id=\"endringer\"><strong>Endringer<\/strong><\/h4>\n<p>Ved endringer av en allerede bestilt reise er omkostningene kr 200 pr person pr ekspedisjon for dagsturer og kr 400,- for pakker og flere dagers turer. GL\u00d8D forbeholder seg retten til \u00e5 gj\u00f8re mindre endringer i turprogram, prisjusteringer ved endrede rammebetingelser, ev. avlyse\/endre enkelte turer f. eks p\u00e5 grunn av v\u00e6r og f\u00f8reforhold.<\/p>\n<h4 id=\"force-majeure\">Force Majeure<\/h4>\n<p>Med mindre annet er uttrykkelig angitt i disse bestillingsbetingelsene, vil leverand\u00f8ren ikke v\u00e6re ansvarlig, betale kompensasjon eller refundere hvis v\u00e5re kontraktsmessige forpliktelser overfor deg p\u00e5virkes av &laquo;uunng\u00e5elige og ekstraordin\u00e6re omstendigheter&raquo;. Dette betyr enhver hendelse utenfor v\u00e5r kontroll, hvis konsekvenser ikke kunne v\u00e6rt unng\u00e5tt selv om alle rimelige tiltak var iverksatt. Eksempler inkluderer krigf\u00f8ring og terrorhandlinger (og trusler om slike), sivile stridigheter, betydelig risiko for menneskers helse som utbrudd av alvorlig sykdom p\u00e5 reisem\u00e5let eller naturkatastrofer som flom, jordskjelv eller v\u00e6rforhold (mangel p\u00e5 sn\u00f8, for isete\/glatt, sn\u00f8stormer eller andre naturlige forhold), etc, som gj\u00f8r det umulig \u00e5 reise trygt til reisem\u00e5let eller forbli p\u00e5 reisem\u00e5let, handling fra en regjering eller annen nasjonal eller lokal myndighet, inkludert havne- eller elvemyndigheter, arbeidskonflikt, lukking av sluser, naturlig eller atomulykke, brann, kjemisk eller biologisk katastrofe, uunng\u00e5elige tekniske problemer med transport og alle lignende hendelser utenfor leverand\u00f8rens kontroll.<\/p>\n<h4 id=\"mangler\"><b><\/b><strong>Mangler<\/strong><\/h4>\n<p>Mener den reisende at det er mangler ved turopplegget, skal den reisende straks informere GL\u00d8D sin representant. Hvis mangelen ikke blir rettet p\u00e5 en tilfredsstillende m\u00e5te, kan den reisende ha krav p\u00e5 prisavslag, under forutsetning av at mangelen ble p\u00e5pekt under oppholdet. Rett til kompensasjon faller bort hvis GL\u00d8D kan dokumentere at skaden eller ulempen ikke kan bebreides GL\u00d8D eller noen selskapet har avtale med for gjennomf\u00f8ring av turopplegget.<\/p>\n<h4 id=\"forsikring\"><b><\/b><strong>Forsikring<\/strong><\/h4>\n<p>Alle gjester, Gl\u00f8d-ansatte, tredje parter og utstyr er forsikret gjennom Gl\u00f8d Explorer As sin &laquo;Third Party, Public and Product Liability Insurance. Denne forsikringen har en egenandel p\u00e5 NOK 12000 som m\u00e5 dekkes av gjesten.<\/p>\n<p><strong>Den reisende forplikter likevel \u00e5 tegne en personlig reiseforsikring f\u00f8r en deltar p\u00e5 v\u00e5re turer<\/strong>. Vi anbefaler en forsikring, utstedt av et uavhengig selskap (tredjepartsselskap), som dekker hjemreise ved sykdom eller skade, inkluderer avbestillingsforsikring for aktiviteter og overnatting n\u00e5r cruiseb\u00e5t eller andre befordringsmidler kansellerer anl\u00f8p\/tur, veier blir stengt og\/eller flyreiser blir innstilt\/kansellert. (CFAR Upgrade &#8211; Cancel For All Reasons)<\/p>\n<p>Kontroller at forskikringen ogs\u00e5 dekker skader ved uhell p\u00e5 mer utfordrende turer (som vi tilbyr); som terrengsykling, skiekspedisjoner, hundekj\u00f8ring og vandreturer i fjellterreng. Uten en slik forsikringsdekning kan du som reisende selv m\u00e5tte st\u00e5 for alle kostnader ved uhell.<\/p>\n<h4 id=\"tvist\">Tvist<\/h4>\n<p>Enhver tvist som oppst\u00e5r som f\u00f8lge av eller i forbindelse med denne avtalen, herunder tvister om avtalens eksistens, gyldighet eller opph\u00f8r, skal l\u00f8ses ved anvendelse av norsk rett.\u00a0 Partene vedtar Alta Tingrett som verneting.\u00a0 S\u00f8ksm\u00e5l kan alternativt g\u00e5 til Oslo Tingrett, anlegges ved Gl\u00f8d Explorer AS` verneting etter tvistelovens \u00a7 4-4 eller \u00a7 4-5 (2).\u00a0 Avtalepunktet knyttet til verneting og lovanvendelse gjelder s\u00e5 lenge dette ikke er i strid med nasjonal eller internasjonal preseptorisk lovgivning.<\/p>\n<h4 id=\"for-turoperatorer-og-bedrifter\">For turoperat\u00f8rer og bedrifter<\/h4>\n<p>Det som er beskrevet over gjelder ogs\u00e5 for turoperat\u00f8rer og bedrifter, med f\u00f8lgende unntak:<\/p>\n<ul>\n<li>Returnerende\/gjentakende turoperat\u00f8rer og bedrifter betaler etterskuddsvis, forfall 14 dager etter at turen er avsluttet<\/li>\n<li>Ved kansellering innen fristene nevnt over, bortfaller kravet om 10%<\/li>\n<\/ul>\n","protected":false},"excerpt":{"rendered":"<p>Bestilling Manuelle bookinger kan gj\u00f8res n\u00e5r som helst f\u00f8r avreise, p\u00e5 e-post eller telefon. Betaling V\u00e5re priser er i norske kroner (NOK) inkludert norske avgifter. Betaling skjer i NOK. Fakturagebyr kr 50 vil p\u00e5l\u00f8pe hver faktura. Betaling med kredittkort gir en ekstra avgift p\u00e5 3,5% beregnet p\u00e5 totalsummen, til kredittkortselskapet. Ved booking online: \u2022 Hele &hellip; <\/p>\n<p class=\"read-more-link\"><a href=\"https:\/\/www.glodexplorer.no\/nb\/om-glod\/reise-og-betalingsvilkar\/\">Les mer <span class=\"screen-reader-text\"> &laquo;Reise- og betalingsvilk\u00e5r<\/span> &laquo;<\/a><\/p>\n","protected":false},"author":7,"featured_media":0,"parent":150,"menu_order":0,"comment_status":"closed","ping_status":"closed","template":"","meta":{"_acf_changed":false,"footnotes":""},"class_list":["post-156","page","type-page","status-publish","hentry"],"acf":[],"aioseo_notices":[],"_links":{"self":[{"href":"https:\/\/www.glodexplorer.no\/nb\/wp-json\/wp\/v2\/pages\/156","targetHints":{"allow":["GET"]}}],"collection":[{"href":"https:\/\/www.glodexplorer.no\/nb\/wp-json\/wp\/v2\/pages"}],"about":[{"href":"https:\/\/www.glodexplorer.no\/nb\/wp-json\/wp\/v2\/types\/page"}],"author":[{"embeddable":true,"href":"https:\/\/www.glodexplorer.no\/nb\/wp-json\/wp\/v2\/users\/7"}],"replies":[{"embeddable":true,"href":"https:\/\/www.glodexplorer.no\/nb\/wp-json\/wp\/v2\/comments?post=156"}],"version-history":[{"count":15,"href":"https:\/\/www.glodexplorer.no\/nb\/wp-json\/wp\/v2\/pages\/156\/revisions"}],"predecessor-version":[{"id":20430,"href":"https:\/\/www.glodexplorer.no\/nb\/wp-json\/wp\/v2\/pages\/156\/revisions\/20430"}],"up":[{"embeddable":true,"href":"https:\/\/www.glodexplorer.no\/nb\/wp-json\/wp\/v2\/pages\/150"}],"wp:attachment":[{"href":"https:\/\/www.glodexplorer.no\/nb\/wp-json\/wp\/v2\/media?parent=156"}],"curies":[{"name":"wp","href":"https:\/\/api.w.org\/{rel}","templated":true}]}}