{"id":1667,"date":"2013-06-07T08:59:46","date_gmt":"2013-06-07T08:59:46","guid":{"rendered":"http:\/\/glodexplorer.no\/?page_id=1667"},"modified":"2018-08-06T17:14:03","modified_gmt":"2018-08-06T17:14:03","slug":"terrengsykkel","status":"publish","type":"page","link":"https:\/\/www.glodexplorer.no\/nb\/bedrift-gruppeturer\/terrengsykkel\/","title":{"rendered":"Terrengsykkel"},"content":{"rendered":"<p>Aktivitet og naturopplevelse ilag med gode venner og kollegier skaper b\u00e5nd og relasjoner! P\u00e5 terrengsykkel oppn\u00e5r en begge deler.<\/p>\n<p>Vi har derfor gleden av \u00e5 tilby<\/p>\n<ul>\n<li><span style=\"font-size: medium;\"><span style=\"line-height: 16px;\"><strong>Terrengsykkelturer av ulik varighet<\/strong>. Disse turene kan vare fra noen timer til i flere dager. Logistikk, overnatting og servering er ivaretatt fra v\u00e5r side. Dere har fokus p\u00e5 naturopplevelse og hverandre.<\/span><\/span><\/li>\n<li><strong>Terrengsykkelkurs.<\/strong> L\u00e6rdommen er lett \u00e5 b\u00e6re, sa alltid min Mormor. S\u00e5 ogs\u00e5 n\u00e5r du tilegnet deg tekniske ferdigheter p\u00e5 terrengsykkelen. V\u00e5re grunnleggende og videreg\u00e5ende kurs har som m\u00e5l \u00e5 l\u00f8fte deltagerne terrengsykkelteknisk, men ogs\u00e5 gi \u00f8kt kompetanse i sykkelmekking, og hvis \u00f8nskelig, trening. Kursene kan organiseres som helgekurs, eller som en seire kurskvelder til bestemte dager og klokkeslett.<\/li>\n<\/ul>\n<p>Mangler dere sykler s\u00e5 <a href=\"http:\/\/glodexplorer.no\/terrengsykkel\/sykkelutleie\/\" target=\"_blank\" rel=\"noopener noreferrer\">leier vi ut!<\/a> Trek Rumblefish 29`er er en fulldempet dr\u00f8m!<\/p>\n<p>Velkommen til \u00e5 bygge lag\u00e5nd og relasjoner fra sykkelsetet!<\/p>\n","protected":false},"excerpt":{"rendered":"<p>Aktivitet og naturopplevelse ilag med gode venner og kollegier skaper b\u00e5nd og relasjoner! P\u00e5 terrengsykkel oppn\u00e5r en begge deler. Vi har derfor gleden av \u00e5 tilby Terrengsykkelturer av ulik varighet. Disse turene kan vare fra noen timer til i flere dager. Logistikk, overnatting og servering er ivaretatt fra v\u00e5r side. Dere har fokus p\u00e5 naturopplevelse &hellip; <\/p>\n<p class=\"read-more-link\"><a href=\"https:\/\/www.glodexplorer.no\/nb\/bedrift-gruppeturer\/terrengsykkel\/\">Les mer <span class=\"screen-reader-text\"> &laquo;Terrengsykkel<\/span> &laquo;<\/a><\/p>\n","protected":false},"author":7,"featured_media":0,"parent":494,"menu_order":0,"comment_status":"open","ping_status":"closed","template":"","meta":{"_acf_changed":false,"footnotes":""},"class_list":["post-1667","page","type-page","status-publish","hentry"],"acf":[],"aioseo_notices":[],"_links":{"self":[{"href":"https:\/\/www.glodexplorer.no\/nb\/wp-json\/wp\/v2\/pages\/1667","targetHints":{"allow":["GET"]}}],"collection":[{"href":"https:\/\/www.glodexplorer.no\/nb\/wp-json\/wp\/v2\/pages"}],"about":[{"href":"https:\/\/www.glodexplorer.no\/nb\/wp-json\/wp\/v2\/types\/page"}],"author":[{"embeddable":true,"href":"https:\/\/www.glodexplorer.no\/nb\/wp-json\/wp\/v2\/users\/7"}],"replies":[{"embeddable":true,"href":"https:\/\/www.glodexplorer.no\/nb\/wp-json\/wp\/v2\/comments?post=1667"}],"version-history":[{"count":0,"href":"https:\/\/www.glodexplorer.no\/nb\/wp-json\/wp\/v2\/pages\/1667\/revisions"}],"up":[{"embeddable":true,"href":"https:\/\/www.glodexplorer.no\/nb\/wp-json\/wp\/v2\/pages\/494"}],"wp:attachment":[{"href":"https:\/\/www.glodexplorer.no\/nb\/wp-json\/wp\/v2\/media?parent=1667"}],"curies":[{"name":"wp","href":"https:\/\/api.w.org\/{rel}","templated":true}]}}