{"id":287,"date":"2012-05-03T09:16:36","date_gmt":"2012-05-03T09:16:36","guid":{"rendered":"http:\/\/glodexplorer.no\/?page_id=287"},"modified":"2024-04-18T13:19:36","modified_gmt":"2024-04-18T11:19:36","slug":"informasjon","status":"publish","type":"page","link":"https:\/\/www.glodexplorer.no\/nb\/informasjon\/","title":{"rendered":"Informasjon"},"content":{"rendered":"<h4 id=\"typiske-glod-opplevelser-og-aktiviteter-er\">Typiske GL\u00d8D opplevelser og aktiviteter er:<\/h4>\n<ul>\n<li>Terrengsykling, turer og kurs<\/li>\n<li>Skiturer og ekspedisjoner<\/li>\n<li>Kanoturer<\/li>\n<li>Vandreturer<\/li>\n<li>Fatbike<\/li>\n<li>Trugeturer<\/li>\n<li>Nordlyssafari<\/li>\n<li>Utleie av terrengsykkel, fatbike, kano, kajakk, ski, truger og pulker<\/li>\n<li>Firmaopplevelser med fokus p\u00e5 lag\u00e5ndbygging gjennom aktiviteter som\u00a0Geo Caching, 71 grader Nord, bueskyting, leirdueskyting, matkonkurranse etc<\/li>\n<li>Servering av lunsj og middag i forbindelse med aktiviteter, i stor lavvo ute i felten eller p\u00e5 headquarters<\/li>\n<li>M\u00f8tefasiliteter<\/li>\n<\/ul>\n<h4><strong><br \/>\n<\/strong>Kvalitet<\/h4>\n<p>GL\u00d8D\u00a0tar m\u00e5l av seg \u00e5 levere naturopplevelser av h\u00f8yeste kvalitet.\u00a0Turene representerer\u00a0derfor\u00a0indrefileten fra v\u00e5r landsdel og er n\u00f8ye planlagt for \u00e5 gi deg som gjest de beste opplevelsene.<\/p>\n<p>De som har v\u00e6rt p\u00e5 tur med oss tidligere vet at v\u00e5re villmarksguider er dyktige og erfarne turledere, med bred generell friluftskompetanse, og med spesiell kompetanse innen det feltet de guider. Guidene har bakgrunn fra ANG (Arktisk Naturguide) fra UIT, Norges Arktiske Universitet, Campus Svalbard\/Alta. V\u00e5re MTB-guider er sertifisert gjennom NMIG (Norwegian Organisation of Mountain Bike instructor-guide).<\/p>\n<p>Utstyret vi benytter er velpr\u00f8vd og solid, og at vi aldri\u00a0kompromisser med sikkerhet.<\/p>\n<p>Dette betyr at om du kun er ute etter de\u00a0laveste prisene eller et firma som \u201dtar det som det kommer n\u00e5r det kommer\u201d er vi feil team.<\/p>\n<h4 id=\"matopplevelser\">Matopplevelser<\/h4>\n<p>Hos oss er ogs\u00e5 den kulinariske opplevelsen viktig! Som v\u00e5r gjest f\u00e5r du oppleve kortreist mat der v\u00e5re retter er\u00a0tilberedt av lokale r\u00e5varer som vilt, fisk, kongekrabbe og b\u00e6r.<\/p>\n<p>Vi tar m\u00e5l av oss \u00e5 i s\u00e5 stor grad som mulig handle lokalt, og oppfordrer ogs\u00e5 v\u00e5re guider og gjester til \u00e5 gj\u00f8re det samme.<\/p>\n<h4 id=\"nye-spenstige-lokaler\">Nye, spenstige lokaler<\/h4>\n<p>Sommeren 2015 flyttet vi inn i helt nye og moderne lokaler p\u00e5 Jordfallet i \u00d8vre Alta, fem-seks kilometer utenfor Alta. Dette har skapt en helt ny og mer praktisk og str\u00f8mlinjeformet hverdag for b\u00e5de ansatte og gjester. De fleste av v\u00e5re turer starter eller avsluttes her.<\/p>\n<p><a href=\"https:\/\/www.facebook.com\/pg\/GLODexplorer\/photos\/?tab=album&amp;album_id=1137723176334973\" target=\"_blank\" rel=\"noopener noreferrer\">Se bilder fra GL\u00d8D Headquarters her.<\/a><\/p>\n<h4 id=\"samarbeid\">Samarbeid<\/h4>\n<p>Gl\u00f8d\u00a0\u00f8nsker \u00e5 bidra til vekst og samarbeid, samt \u00e5 v\u00e6re en av premissleverand\u00f8rene inn i reiselivet. Vi er derfor medlem av den nord-norske reiselivsklyngen \u00abArtic 365\u00bb som jobber med reiselivssp\u00f8rsm\u00e5l i Nord Norge generelt, og ogs\u00e5 med i VisitAlta &#8211; b\u00e5de p\u00e5 eiersiden og representert i styret &#8211; som jobber med reiseliv lokalt.<\/p>\n<p>Vi har et godt samarbeid med lokale og regionale reiselivsakt\u00f8rer som North Adventure, Sorrisniva, Trasti &amp; Trine, Holmen Husky, Nord Ekspedisjon, Parken G\u00e5rd Husky, Thon Hotel og Scandic Hotel. Dessuten alle Fjellstuene p\u00e5 Finnmarksvidda; Jotka, Mollisjok, Gargia, Soussjavri, Suolovuopmi og Ravnastua.<\/p>\n<p>Utenfor n\u00e6ringen\u00a0samarbeider GL\u00d8D tett med Universitetet i Troms\u00f8, Norges Arktiske Universitet, Campus Alta, ved at studenter f\u00e5r praksisplass hos oss, at studenter aktivt benytter v\u00e5re opplevelser og aktiviteter i oppgaver og besvarelser, og ved at vi er stakeholdere i forskningsprosjekt i lag med andre reiselivsbedrifter i regionen som Sorrisniva og Hurtigruten.<br \/>\nVi samarbeider ogs\u00e5 med Alta videreg\u00e5ende skole der elever benytter oss som sparringspartnere i ulike settinger.<\/p>\n<p>Gl\u00f8d er medlem av NHO Reiseliv og Reisegarantifondet.<\/p>\n<h4 id=\"sikkerhet\">Sikkerhet<\/h4>\n<p>GL\u00d8D har en omfattende HMS-plan der alle turer\/aktiviteter er risikovurdert og tiltak for \u00e5 m\u00f8te denne risikoen, er iverksatt. Dette inneb\u00e6rer at mange aktiviteter har en prosedyre for generell gjennomf\u00f8ring, men det gj\u00f8res ogs\u00e5 en vurdering i forkant av hver tur. Feks n\u00e5r vi skal padle kano p\u00e5 Altaelva, da vurderes vannstand, vanntemperatur og v\u00e6rmelding f\u00f8r avgang. Om n\u00f8dvendig gj\u00f8res tiltak. Som feks en kortere tur, f\u00f8lgeb\u00e5t og flere guider.<\/p>\n<p>P\u00e5 lengre skiekspedisjoner vil f\u00f8re- og v\u00e6rmelding p\u00e5virke hvordan turen gjennomf\u00f8res. Vi har p\u00e5 turer der vil tidvis er utenfor normal telefondekning, med satellitt-telefon.<\/p>\n<p>Felles for alle turer er at turledere\/guider er eksperter innen den aktiviteten de guider og alle har alle gjennomf\u00f8rt f\u00f8rstehjelpskurs. V\u00e5re terrengsykkelguider har gjennomf\u00f8rt minimum NMIG Level 1 (Norwegian Organization of Moutain bike instructor-guides).<\/p>\n<h4 id=\"miljo-og-baerekraft\">Milj\u00f8 og b\u00e6rekraft<\/h4>\n<p>GL\u00d8D \u00f8nsker \u00e5 etterlate et s\u00e5 lite avtrykk i naturen som mulig. V\u00e5r fremferd er derfor preget av respekt, varsomhet og m\u00e5tehold. Likevel er vi glad i b\u00e5de vilt, fisk og b\u00e6r og h\u00f8ster n\u00e5r naturen gir av sin overflod. Underveis rydder vi opp etter oss, og et viktig prinsipp er for oss sporl\u00f8s ferdsel.<\/p>\n<p>P\u00e5 v\u00e5re sykkelturer vil vi alltid tilpasse turen hvis vi opplever perioder med mye nedb\u00f8r. Da vil vi etterstrebe \u00e5 finne sykkel-rute-alternativer som ikke setter dype spor.<\/p>\n<p>Vi er opptatt av i minst mulig grad ut\u00f8ve motorisert ferdsel i utmark. P\u00e5 v\u00e5re turer benytter vi derfor i s\u00e5 stor utstrekning som mulig v\u00e5re hunder til \u00e5 b\u00e6re eller dra utstyr. Det er bra for milj\u00f8et, hundene elsker det, og det er hyggelig b\u00e5de for gjester og guider.<\/p>\n<p>All elektrisitet som vi forbruker er produsert av fornybare kilder som vann- vindkraft, levert og garantert av den lokale kraftleverand\u00f8ren Ishavskraft. Dette gjelder b\u00e5de kontorer, lager, Pine Forest Apartment og v\u00e5re Aurora Canvas Dome.<\/p>\n<p>Vi sorter alt v\u00e5rt avfall slik at v\u00e5rt forbruk i minst mulig grad skal skape tr\u00f8bbel for milj\u00f8et, og at det som kan gjenvinnes, gj\u00f8r det.<\/p>\n<h4 id=\"miljofyrtarn\">Milj\u00f8fyrt\u00e5rn<\/h4>\n<p>Gl\u00f8d ble i april 2021 sertifisert <a href=\"http:\/\/www.eco-lighthouse.org\">Milj\u00f8fyrt\u00e5rn-bedrift<\/a>. Dette betyr at vi\u00a0jobber m\u00e5lrettet med \u00e5 forbedre v\u00e5re milj\u00f8prestasjoner innen omr\u00e5dene <em>arbeidsmilj\u00f8, avfallsh\u00e5ndtering, energibruk, innkj\u00f8p\u00a0<\/em>og<em>\u00a0transport<\/em>. Dette gir oss bedre forutsetninger for \u00e5 <a href=\"https:\/\/www.miljofyrtarn.no\/virksomhet\/om-oss\/fns-baerekraftsmal\/\">bidra til \u00e5 oppn\u00e5 flere av FNs b\u00e6rekraftsm\u00e5l.<\/a><\/p>\n<p>\u00d8nsker dere tilgang til Gl\u00f8ds tidligere milj\u00f8rapporter, ta kontakt.<\/p>\n<p><strong>Halddemarsjen<\/strong><\/p>\n<p>Hvert \u00e5r arrangerer GL\u00d8D <a href=\"http:\/\/www.halddemarsjen.com\/\" target=\"_blank\" rel=\"noopener noreferrer\">Halddemarsjen<\/a>, en tradsisjonsrik fjellmarsj og motbakkel\u00f8p fra K\u00e5fjord utenfor Alta, opp til nordlysobservatoriet p\u00e5 Halddetoppen. Marsjen ble f\u00f8rste gang arrangert i 1984. Informasjon om Halddemarsjen finnes ogs\u00e5 p\u00e5 marsjens egen <a href=\"https:\/\/www.facebook.com\/Haldde\" target=\"_blank\" rel=\"noopener noreferrer\">facebookside<\/a>.<\/p>\n","protected":false},"excerpt":{"rendered":"<p>Typiske GL\u00d8D opplevelser og aktiviteter er: Terrengsykling, turer og kurs Skiturer og ekspedisjoner Kanoturer Vandreturer Fatbike Trugeturer Nordlyssafari Utleie av terrengsykkel, fatbike, kano, kajakk, ski, truger og pulker Firmaopplevelser med fokus p\u00e5 lag\u00e5ndbygging gjennom aktiviteter som\u00a0Geo Caching, 71 grader Nord, bueskyting, leirdueskyting, matkonkurranse etc Servering av lunsj og middag i forbindelse med aktiviteter, i stor &hellip; <\/p>\n<p class=\"read-more-link\"><a href=\"https:\/\/www.glodexplorer.no\/nb\/informasjon\/\">Les mer <span class=\"screen-reader-text\"> &laquo;Informasjon<\/span> &laquo;<\/a><\/p>\n","protected":false},"author":7,"featured_media":5018,"parent":0,"menu_order":650,"comment_status":"closed","ping_status":"closed","template":"","meta":{"_acf_changed":false,"footnotes":""},"class_list":["post-287","page","type-page","status-publish","has-post-thumbnail","hentry"],"acf":[],"aioseo_notices":[],"_links":{"self":[{"href":"https:\/\/www.glodexplorer.no\/nb\/wp-json\/wp\/v2\/pages\/287","targetHints":{"allow":["GET"]}}],"collection":[{"href":"https:\/\/www.glodexplorer.no\/nb\/wp-json\/wp\/v2\/pages"}],"about":[{"href":"https:\/\/www.glodexplorer.no\/nb\/wp-json\/wp\/v2\/types\/page"}],"author":[{"embeddable":true,"href":"https:\/\/www.glodexplorer.no\/nb\/wp-json\/wp\/v2\/users\/7"}],"replies":[{"embeddable":true,"href":"https:\/\/www.glodexplorer.no\/nb\/wp-json\/wp\/v2\/comments?post=287"}],"version-history":[{"count":3,"href":"https:\/\/www.glodexplorer.no\/nb\/wp-json\/wp\/v2\/pages\/287\/revisions"}],"predecessor-version":[{"id":18880,"href":"https:\/\/www.glodexplorer.no\/nb\/wp-json\/wp\/v2\/pages\/287\/revisions\/18880"}],"wp:featuredmedia":[{"embeddable":true,"href":"https:\/\/www.glodexplorer.no\/nb\/wp-json\/wp\/v2\/media\/5018"}],"wp:attachment":[{"href":"https:\/\/www.glodexplorer.no\/nb\/wp-json\/wp\/v2\/media?parent=287"}],"curies":[{"name":"wp","href":"https:\/\/api.w.org\/{rel}","templated":true}]}}