{"id":298,"date":"2012-05-03T09:25:40","date_gmt":"2012-05-03T09:25:40","guid":{"rendered":"http:\/\/glodexplorer.no\/?page_id=298"},"modified":"2018-08-06T17:14:04","modified_gmt":"2018-08-06T17:14:04","slug":"miljo","status":"publish","type":"page","link":"https:\/\/www.glodexplorer.no\/nb\/om-glod\/miljo\/","title":{"rendered":"Milj\u00f8"},"content":{"rendered":"<p>GL\u00d8D \u00f8nsker \u00e5 bidra til et b\u00e6rekraftig friluftsliv slik at naturen skal vare og dermed v\u00e6re til glede ogs\u00e5 for de som kommer etter oss.<\/p>\n<p>Det gir seg for eksempel utslag i at der transport av utstyr er n\u00f8dvendig benytter vi fortrinnsvis trekkhunder eller hester. Der ingenting annet enn motoriserte hjelpemidler kan benyttes, viser vi s\u00e6rdeles stor aktsomhet.<\/p>\n<p>Et sentralt stikkord hos oss er \u201csporl\u00f8s ferdsel\u201d. Det betyr i praksis at vi ikke etterlater noe igjen etter oss, og vi tar sterk avstand fra fors\u00f8pling og h\u00e6rverk i naturen. V\u00e5re leirplasser flyttes jevnlig for \u00e5 unng\u00e5 un\u00f8dig slitasje p\u00e5 flora og fauna.<\/p>\n<p>GL\u00d8D oppfordrer sine gjester til \u00e5 h\u00f8ste av naturen, men samtidig vise m\u00e5tehold i sitt uttak av vilt og fisk. Hos oss m\u00e5les ikke naturopplevelser bare i antall og kilo.<\/p>\n","protected":false},"excerpt":{"rendered":"<p>GL\u00d8D \u00f8nsker \u00e5 bidra til et b\u00e6rekraftig friluftsliv slik at naturen skal vare og dermed v\u00e6re til glede ogs\u00e5 for de som kommer etter oss. Det gir seg for eksempel utslag i at der transport av utstyr er n\u00f8dvendig benytter vi fortrinnsvis trekkhunder eller hester. Der ingenting annet enn motoriserte hjelpemidler kan benyttes, viser vi &hellip; <\/p>\n<p class=\"read-more-link\"><a href=\"https:\/\/www.glodexplorer.no\/nb\/om-glod\/miljo\/\">Les mer <span class=\"screen-reader-text\"> &laquo;Milj\u00f8<\/span> &laquo;<\/a><\/p>\n","protected":false},"author":7,"featured_media":0,"parent":150,"menu_order":0,"comment_status":"open","ping_status":"closed","template":"","meta":{"_acf_changed":false,"footnotes":""},"class_list":["post-298","page","type-page","status-publish","hentry"],"acf":[],"aioseo_notices":[],"_links":{"self":[{"href":"https:\/\/www.glodexplorer.no\/nb\/wp-json\/wp\/v2\/pages\/298","targetHints":{"allow":["GET"]}}],"collection":[{"href":"https:\/\/www.glodexplorer.no\/nb\/wp-json\/wp\/v2\/pages"}],"about":[{"href":"https:\/\/www.glodexplorer.no\/nb\/wp-json\/wp\/v2\/types\/page"}],"author":[{"embeddable":true,"href":"https:\/\/www.glodexplorer.no\/nb\/wp-json\/wp\/v2\/users\/7"}],"replies":[{"embeddable":true,"href":"https:\/\/www.glodexplorer.no\/nb\/wp-json\/wp\/v2\/comments?post=298"}],"version-history":[{"count":0,"href":"https:\/\/www.glodexplorer.no\/nb\/wp-json\/wp\/v2\/pages\/298\/revisions"}],"up":[{"embeddable":true,"href":"https:\/\/www.glodexplorer.no\/nb\/wp-json\/wp\/v2\/pages\/150"}],"wp:attachment":[{"href":"https:\/\/www.glodexplorer.no\/nb\/wp-json\/wp\/v2\/media?parent=298"}],"curies":[{"name":"wp","href":"https:\/\/api.w.org\/{rel}","templated":true}]}}