{"id":494,"date":"2012-05-04T09:41:21","date_gmt":"2012-05-04T09:41:21","guid":{"rendered":"http:\/\/glodexplorer.no\/?page_id=494"},"modified":"2019-10-17T07:17:03","modified_gmt":"2019-10-17T07:17:03","slug":"bedrift-gruppeturer","status":"publish","type":"page","link":"https:\/\/www.glodexplorer.no\/nb\/bedrift-gruppeturer\/","title":{"rendered":"Aktiviteter"},"content":{"rendered":"<h4 id=\"terrengsykling-stisykling-og-fatbike\">Terrengsykling\/stisykling og fatbike<\/h4>\n<p>Mange tenker at \u00abjeg er ingen terrengsyklist\u00bb, men gjester som vi har hatt med p\u00e5 terrengsykkel er blitt overrasket over hvor artig (og enkelt) det har v\u00e6rt, og hvor de har kost seg p\u00e5 terrengsykkelen.<\/p>\n<p>Vi lager en tilpasset tur langs Altas mange flotte skogsveier og stier. Vanskelighetsgraden tilpasses gruppa; fra det helt enkle, langs gr\u00f8nne stier og veier, til mer utfordrende terreng.<\/p>\n<p>Varighet tilpasses ogs\u00e5; fra en time til en dagstur med lunsj, eller en flere dagers tur over Finnmarksvidda.<\/p>\n<p>Hvis \u00f8nskelig kan vi ogs\u00e5 komme med tips og instruksjon underveis, samt \u00f8ve p\u00e5 spesielle elementer ved terrengsyklingen. Eller s\u00e5 kan hele turen gj\u00f8res til et komprimert terrengsykkelkurs.<\/p>\n<p>Vi har nye, flotte, fulldempede terrengsykler fra Trek.<\/p>\n<h4 id=\"kano-pa-altaelva\">Kano p\u00e5 Altaelva<\/h4>\n<p>Altaelva er en fantastisk perle som snor seg elegant ned den flotte Altadalen. Sant og si s\u00e5 er det ikke mye som er vakrere enn en ferd i kano ned Altaelva, mens natur, dyre- og fugleliv som passeres, nytes i stillheten<\/p>\n<p>Varighet\/lengde tilpasses gruppa ved at vi varierer hvor vi starter. Vi s\u00f8ker alltid \u00e5 avslutte ved v\u00e5rt anlegg i \u00d8vre Alta og serverer gjerne nydelig middag n\u00e5r vi er fremme, enten i storlavvoen eller i Gl\u00f8d-Stua.<\/p>\n<p>Hvis en tenker \u00e5 inkludere den majestetiske Alta Canyon i padleturen, b\u00f8r en planlegge en todagers tur, eller starte veldig tidlig.<\/p>\n<p>En trenger ingen forkunnskaper i kanopadling for \u00e5 gj\u00f8re denne turen da instruksjon gis f\u00f8r vi starter ned.<\/p>\n<h4 id=\"geocaching\">Geocaching<\/h4>\n<p>Dette er en artig og l\u00e6rerik aktivitet der gruppa deles inn i lag, og en forh\u00e5ndsprogrammert GPS tar lagene frem til poster i terrenget. P\u00e5 postene skal oppgaver l\u00f8ses, og disse kan v\u00e6re av teoretisk (quiz-aktig) og\/eller praktisk art. Eksempler p\u00e5 praktiske oppgaver er bueskyting, ulike b\u00e5lkonkurranser, vardebygging, tautrekking, kano, terrengsykkel, teltoppsett etc.<\/p>\n<p>Antallet praktiske oppgaver varierer og disse er ofte med p\u00e5 \u00e5 p\u00e5virke pris og varighet p\u00e5 turen, som kan variere fra en time til et mange timers opplegg. Dette tilpasses gruppa.<\/p>\n<p>En trenger ingen forkunnskaper for \u00e5 delta p\u00e5 denne aktiviteten da oppl\u00e6ring i hvordan bruke GPS vil bli gitt. (Og dermed l\u00e6rer en ogs\u00e5 hvordan en GPS skal brukes)<\/p>\n<h4 id=\"andre-aktiviteter\">Andre aktiviteter<\/h4>\n<p>Vi kan ogs\u00e5 tilby vandring og trugeturer vinterstid og &laquo;Jakten p\u00e5 nordlyset&raquo;.<\/p>\n<h4 id=\"servering\">Servering<\/h4>\n<p><a href=\"https:\/\/www.glodexplorer.no\/nb\/bedrift-gruppeturer\/servering\/\">Les om servering her<\/a><\/p>\n","protected":false},"excerpt":{"rendered":"<p>Terrengsykling\/stisykling og fatbike Mange tenker at \u00abjeg er ingen terrengsyklist\u00bb, men gjester som vi har hatt med p\u00e5 terrengsykkel er blitt overrasket over hvor artig (og enkelt) det har v\u00e6rt, og hvor de har kost seg p\u00e5 terrengsykkelen. Vi lager en tilpasset tur langs Altas mange flotte skogsveier og stier. Vanskelighetsgraden tilpasses gruppa; fra det &hellip; <\/p>\n<p class=\"read-more-link\"><a href=\"https:\/\/www.glodexplorer.no\/nb\/bedrift-gruppeturer\/\">Les mer <span class=\"screen-reader-text\"> &laquo;Aktiviteter<\/span> &laquo;<\/a><\/p>\n","protected":false},"author":7,"featured_media":8644,"parent":0,"menu_order":6,"comment_status":"closed","ping_status":"closed","template":"","meta":{"_acf_changed":false,"footnotes":""},"class_list":["post-494","page","type-page","status-publish","has-post-thumbnail","hentry"],"acf":[],"aioseo_notices":[],"_links":{"self":[{"href":"https:\/\/www.glodexplorer.no\/nb\/wp-json\/wp\/v2\/pages\/494","targetHints":{"allow":["GET"]}}],"collection":[{"href":"https:\/\/www.glodexplorer.no\/nb\/wp-json\/wp\/v2\/pages"}],"about":[{"href":"https:\/\/www.glodexplorer.no\/nb\/wp-json\/wp\/v2\/types\/page"}],"author":[{"embeddable":true,"href":"https:\/\/www.glodexplorer.no\/nb\/wp-json\/wp\/v2\/users\/7"}],"replies":[{"embeddable":true,"href":"https:\/\/www.glodexplorer.no\/nb\/wp-json\/wp\/v2\/comments?post=494"}],"version-history":[{"count":0,"href":"https:\/\/www.glodexplorer.no\/nb\/wp-json\/wp\/v2\/pages\/494\/revisions"}],"wp:featuredmedia":[{"embeddable":true,"href":"https:\/\/www.glodexplorer.no\/nb\/wp-json\/wp\/v2\/media\/8644"}],"wp:attachment":[{"href":"https:\/\/www.glodexplorer.no\/nb\/wp-json\/wp\/v2\/media?parent=494"}],"curies":[{"name":"wp","href":"https:\/\/api.w.org\/{rel}","templated":true}]}}