{"id":7191,"date":"2018-06-07T13:09:29","date_gmt":"2018-06-07T13:09:29","guid":{"rendered":"https:\/\/www.glodexplorer.no\/?page_id=7191"},"modified":"2026-03-13T11:34:46","modified_gmt":"2026-03-13T10:34:46","slug":"om-alta","status":"publish","type":"page","link":"https:\/\/www.glodexplorer.no\/nb\/informasjon\/om-alta\/","title":{"rendered":"Om Alta"},"content":{"rendered":"<p><strong>Klima<br \/>\n<\/strong>Klimaet er noe midt i mellom kyst- og innlandsklima. Om vinteren blir det sjelden under minus 25 og om sommeren sjelden over 25 varmegrader.<\/p>\n<p><strong>Geografi<br \/>\n<\/strong>De h\u00f8yeste fjellene i Alta ligger p\u00e5 vestsida av fjorden. Aller h\u00f8yest er Store Haldde\u00a0ved K\u00e5fjord (1149 moh.). Fjelltopper over 900 meter finnes det mange av, til og med p\u00e5 \u00f8ya Seiland (1079 moh.) og Stjern\u00f8ya (914 moh.). Fjellene p\u00e5 \u00f8stsida er ikke s\u00e5 h\u00f8ye, sjelden 700 moh., og mot s\u00f8r\u00f8st flater landet av inn mot Finnmarksvidda. Altadalen er en frodig oase, med en rekke landbrukseiendommer og der Altaelva danner et naturlig midtpunkt. Den fantastiske lakseelva regnes som ei av verdens beste, der sjansen for \u00e5 f\u00e5 en laks p\u00e5 over 10 kg er stor. Hvert \u00e5r fanges laks p\u00e5 over 25 kg.<\/p>\n<p><strong>En moderne by<br \/>\n<\/strong>Alta er handels- og utdanningssenter i Finnmark og Nord Troms. Her finnes b\u00e5de Videreg\u00e5ende skole og Universitet, et moderne sentrum med butikker, kafeer, hoteller og kj\u00f8pesenter.<\/p>\n<p>Den nye Nordlyskatedralen ligger midt i byen, og Alta Museum, hvis helleristninger er opptegnet p\u00e5 UNESCOs verdensarvliste, ligger i vestre del av Alta.\u00a0Alta er ett av f\u00e5 steder i verden med to oppf\u00f8ringer p\u00e5 verdensarvlista. Den andre oppf\u00f8ringen er Struves Meridianbue. N\u00e6rmere bestemt et\u00a0av astronomen Fredrich G. W. von Struves m\u00e5lepunkter for \u00e5 beregne jordens form og st\u00f8rrelse, et arbeid som p\u00e5gikk fra 1816-1855. Dette punktet ligger p\u00e5 fjelltoppen Lille Raipas ved Alta.<\/p>\n<p><strong>M\u00f8rketid og midnattsol<br \/>\n<\/strong>Alta ligger omlag 400 km nord for polarsirkelen og vi kan derfor nyte midnattsol og m\u00f8rketid. For oss i Alta betyr det at vi har midnattsol fra 16. mai til 26. juli. M\u00f8rketiden, den tiden solen ikke kommer over horisonten, strekker seg fra 25. november til 17. januar. Det er fest i Alta n\u00e5r de f\u00f8rste rosa str\u00e5lende treffer kirkespiret p\u00e5 Alta kirke midt i januar.<\/p>\n<p><strong>Nordlys<br \/>\n<\/strong>Alta regnes som ett av de beste stedene i verden for \u00e5 oppleve nordlyset. Les mer om hvorfor <a href=\"http:\/\/glodexplorer.no\/jakten-pa-nordlyset\/\" target=\"_blank\" rel=\"noopener noreferrer\">her.<\/a> (Nederst p\u00e5 siden). Nordlyset spiller over himmelen n\u00e5r det er klarv\u00e6r (skyfri himmel), og kan under optimale forhold sees fra seint i august til midt i april. Det er likevel fra oktober til ut mars som regnes for hovedperioden for \u00e5 oppleve dette flotte fenomenet.<\/p>\n<p><strong>Velkommen til Nordlysbyen Alta!<\/strong><\/p>\n","protected":false},"excerpt":{"rendered":"<p>Klima Klimaet er noe midt i mellom kyst- og innlandsklima. Om vinteren blir det sjelden under minus 25 og om sommeren sjelden over 25 varmegrader. Geografi De h\u00f8yeste fjellene i Alta ligger p\u00e5 vestsida av fjorden. Aller h\u00f8yest er Store Haldde\u00a0ved K\u00e5fjord (1149 moh.). Fjelltopper over 900 meter finnes det mange av, til og med &hellip; <\/p>\n<p class=\"read-more-link\"><a href=\"https:\/\/www.glodexplorer.no\/nb\/informasjon\/om-alta\/\">Les mer <span class=\"screen-reader-text\"> &laquo;Om Alta<\/span> &laquo;<\/a><\/p>\n","protected":false},"author":7,"featured_media":6417,"parent":287,"menu_order":0,"comment_status":"closed","ping_status":"closed","template":"","meta":{"_acf_changed":false,"footnotes":""},"class_list":["post-7191","page","type-page","status-publish","has-post-thumbnail","hentry"],"acf":[],"aioseo_notices":[],"_links":{"self":[{"href":"https:\/\/www.glodexplorer.no\/nb\/wp-json\/wp\/v2\/pages\/7191","targetHints":{"allow":["GET"]}}],"collection":[{"href":"https:\/\/www.glodexplorer.no\/nb\/wp-json\/wp\/v2\/pages"}],"about":[{"href":"https:\/\/www.glodexplorer.no\/nb\/wp-json\/wp\/v2\/types\/page"}],"author":[{"embeddable":true,"href":"https:\/\/www.glodexplorer.no\/nb\/wp-json\/wp\/v2\/users\/7"}],"replies":[{"embeddable":true,"href":"https:\/\/www.glodexplorer.no\/nb\/wp-json\/wp\/v2\/comments?post=7191"}],"version-history":[{"count":2,"href":"https:\/\/www.glodexplorer.no\/nb\/wp-json\/wp\/v2\/pages\/7191\/revisions"}],"predecessor-version":[{"id":20414,"href":"https:\/\/www.glodexplorer.no\/nb\/wp-json\/wp\/v2\/pages\/7191\/revisions\/20414"}],"up":[{"embeddable":true,"href":"https:\/\/www.glodexplorer.no\/nb\/wp-json\/wp\/v2\/pages\/287"}],"wp:featuredmedia":[{"embeddable":true,"href":"https:\/\/www.glodexplorer.no\/nb\/wp-json\/wp\/v2\/media\/6417"}],"wp:attachment":[{"href":"https:\/\/www.glodexplorer.no\/nb\/wp-json\/wp\/v2\/media?parent=7191"}],"curies":[{"name":"wp","href":"https:\/\/api.w.org\/{rel}","templated":true}]}}