{"id":753,"date":"2012-05-24T16:03:58","date_gmt":"2012-05-24T16:03:58","guid":{"rendered":"http:\/\/glodexplorer.no\/?page_id=753"},"modified":"2020-06-09T08:53:09","modified_gmt":"2020-06-09T06:53:09","slug":"servering","status":"publish","type":"page","link":"https:\/\/www.glodexplorer.no\/nb\/bedrift-gruppeturer\/servering\/","title":{"rendered":"Servering"},"content":{"rendered":"<p><img loading=\"lazy\" decoding=\"async\" width=\"683\" height=\"1024\" class=\"alignnone size-large wp-image-11565\" src=\"https:\/\/www.glodexplorer.no\/wp-content\/uploads\/2020\/06\/20200605dnb-26-von-34-kopi-683x1024.jpg\" alt=\"\" srcset=\"https:\/\/www.glodexplorer.no\/wp-content\/uploads\/2020\/06\/20200605dnb-26-von-34-kopi-683x1024.jpg 683w, https:\/\/www.glodexplorer.no\/wp-content\/uploads\/2020\/06\/20200605dnb-26-von-34-kopi-200x300.jpg 200w, https:\/\/www.glodexplorer.no\/wp-content\/uploads\/2020\/06\/20200605dnb-26-von-34-kopi-768x1152.jpg 768w, https:\/\/www.glodexplorer.no\/wp-content\/uploads\/2020\/06\/20200605dnb-26-von-34-kopi-1024x1536.jpg 1024w, https:\/\/www.glodexplorer.no\/wp-content\/uploads\/2020\/06\/20200605dnb-26-von-34-kopi-scaled.jpg 1365w, https:\/\/www.glodexplorer.no\/wp-content\/uploads\/2020\/06\/20200605dnb-26-von-34-kopi-1500x2250.jpg 1500w\" sizes=\"auto, (max-width: 683px) 100vw, 683px\" \/><\/p>\n<p>P\u00e5 menyen st\u00e5r gjerne elg, lam, rein, laks, torsk, kveite og\/eller kongekrabbe.<\/p>\n<p>Desserten er gjerne ogs\u00e5 basert p\u00e5 det nordnorske, som for eksempel i v\u00e5r spesialitet; &laquo;Smaken av midnattsol&raquo;.<\/p>\n<p>Velg mellom to til fem retter som kan nytes i\u00a0den stemningsfulle og oppvarmede stor-lavvoen som har plass til 60 personer, eller inne i Gl\u00f8d-stua med plass til 24.<\/p>\n<p>&nbsp;<\/p>\n<p><strong>Helstekt lammel\u00e5r i kokegrop<\/strong><\/p>\n<p>Det har bodd folk i Alta i mer enn 7 000 \u00e5r. Helleristningene i Hjemmeluft er bevis p\u00e5 det. Inspirert av dette har vi tatt i bruk en mer enn 3 500 \u00e5r gammel metode for tilberedning av mat.<\/p>\n<p>Vi t\u00f8r p\u00e5st\u00e5 at sjelden fremst\u00e5r lammesteika s\u00e5 m\u00f8r og saftig som den gj\u00f8r etter tre timer nedgrav i steiner som er oppvarmet med b\u00e5l. Smaken er fantastisk og\u00a0en kulinarisk opplevelse som de fleste husker.<\/p>\n<p>&nbsp;<\/p>\n<p>Vi har skjenkebevilling for \u00f8l, vin og brennevin<\/p>\n<h4 id=\"aktiviteter\">Aktiviteter<\/h4>\n<p><a href=\"https:\/\/www.glodexplorer.no\/nb\/bedrift-gruppeturer\/\">Les om aktivitetene vi tilbyr her<\/a><\/p>\n","protected":false},"excerpt":{"rendered":"<p>P\u00e5 menyen st\u00e5r gjerne elg, lam, rein, laks, torsk, kveite og\/eller kongekrabbe. Desserten er gjerne ogs\u00e5 basert p\u00e5 det nordnorske, som for eksempel i v\u00e5r spesialitet; &laquo;Smaken av midnattsol&raquo;. Velg mellom to til fem retter som kan nytes i\u00a0den stemningsfulle og oppvarmede stor-lavvoen som har plass til 60 personer, eller inne i Gl\u00f8d-stua med plass &hellip; <\/p>\n<p class=\"read-more-link\"><a href=\"https:\/\/www.glodexplorer.no\/nb\/bedrift-gruppeturer\/servering\/\">Les mer <span class=\"screen-reader-text\"> &laquo;Servering<\/span> &laquo;<\/a><\/p>\n","protected":false},"author":7,"featured_media":0,"parent":494,"menu_order":0,"comment_status":"closed","ping_status":"closed","template":"","meta":{"_acf_changed":false,"footnotes":""},"class_list":["post-753","page","type-page","status-publish","hentry"],"acf":[],"aioseo_notices":[],"_links":{"self":[{"href":"https:\/\/www.glodexplorer.no\/nb\/wp-json\/wp\/v2\/pages\/753","targetHints":{"allow":["GET"]}}],"collection":[{"href":"https:\/\/www.glodexplorer.no\/nb\/wp-json\/wp\/v2\/pages"}],"about":[{"href":"https:\/\/www.glodexplorer.no\/nb\/wp-json\/wp\/v2\/types\/page"}],"author":[{"embeddable":true,"href":"https:\/\/www.glodexplorer.no\/nb\/wp-json\/wp\/v2\/users\/7"}],"replies":[{"embeddable":true,"href":"https:\/\/www.glodexplorer.no\/nb\/wp-json\/wp\/v2\/comments?post=753"}],"version-history":[{"count":3,"href":"https:\/\/www.glodexplorer.no\/nb\/wp-json\/wp\/v2\/pages\/753\/revisions"}],"predecessor-version":[{"id":11573,"href":"https:\/\/www.glodexplorer.no\/nb\/wp-json\/wp\/v2\/pages\/753\/revisions\/11573"}],"up":[{"embeddable":true,"href":"https:\/\/www.glodexplorer.no\/nb\/wp-json\/wp\/v2\/pages\/494"}],"wp:attachment":[{"href":"https:\/\/www.glodexplorer.no\/nb\/wp-json\/wp\/v2\/media?parent=753"}],"curies":[{"name":"wp","href":"https:\/\/api.w.org\/{rel}","templated":true}]}}