{"id":8110,"date":"2018-08-30T13:53:44","date_gmt":"2018-08-30T13:53:44","guid":{"rendered":"https:\/\/www.glodexplorer.no\/?page_id=8110"},"modified":"2018-09-03T14:05:37","modified_gmt":"2018-09-03T14:05:37","slug":"personvernerklaering","status":"publish","type":"page","link":"https:\/\/www.glodexplorer.no\/nb\/personvernerklaering\/","title":{"rendered":"Personvernerkl\u00e6ring"},"content":{"rendered":"<p>Gl\u00f8d Explorer er behandlingsansvarlig for virksomhetens behandling av personopplysninger. Det er frivillig for de som bes\u00f8ker nettsidene \u00e5 oppgi personopplysninger i forbindelse med bestilling av turer, kurs, aktiviteter og utleie. Behandlingsgrunnlaget er samtykke fra den enkelte, med mindre annet er spesifisert.<\/p>\n<h2 id=\"bruk-av-informasjonskapsler-cookies\">Bruk av informasjonskapsler (cookies)<\/h2>\n<p>P\u00e5 dette nettstedet logger vi helt anonymt informasjon om alle bes\u00f8kende. Til dette bruker vi cookies hovedsaklig for trafikkm\u00e5ling og optimalisering av innhold. Denne informasjonen kan ikke spores tilbake til deg som enkeltperson. Fortsett \u00e5 bruk siden som normalt om du godtar dette. P\u00e5\u00a0<a href=\"http:\/\/www.nettvett.no\/\">www.nettvett.no<\/a>\u00a0kan du lese om hvordan du\u00a0<a href=\"https:\/\/nettvett.no\/slik-administrer-du-informasjonskapsler\/\">stiller inn nettleseren for \u00e5 godta\/avvise informasjonskapsler,<\/a>\u00a0og f\u00e5\u00a0<a href=\"https:\/\/nettvett.no\/veiledninger\/sikrere-bruk\/internett\/\">tips til sikrere bruk av internett<\/a>.<\/p>\n<h3 id=\"google-analytics\">Google Analytics<\/h3>\n<p>Vi benytter analyseverkt\u00f8yet Google Analytics for \u00e5 studere trafikk, bruksm\u00f8nstre og trender p\u00e5 dette nettstedet. Dataene som samles inn brukes for \u00e5 optimalisere brukeropplevelsen og tilpasse innholdet p\u00e5 nettsiden. I henhold til Googles retningslinjer for bruk av Google Analytics samles det ikke inn personlig informasjon om deg som bruker. Dataene som samles\u00a0inn lagres p\u00e5 Googles servere.\u00a0<a href=\"https:\/\/policies.google.com\/privacy?hl=no\" target=\"_blank\" rel=\"noopener\">Du kan lese mer om hvordan Google samler inn og beskytter data her<\/a>.<\/p>\n<p>Google Analytics-cookien er en f\u00f8rsteparts-cookie. Den er innstilt til \u00e5 slettes\u00a0 automatisk etter 26 m\u00e5neder hvis du ikke returnerer til nettstedet. Det er mulig \u00e5 reservere seg mot all Google Analytics registrering ved \u00e5 installere et tillegg til nettleseren. Tillegget kan lastes ned her:\u00a0<a href=\"https:\/\/tools.google.com\/dlpage\/gaoptout\" target=\"_blank\" rel=\"noopener\">Google Analytics Opt-out Browser Add-on<\/a>.<\/p>\n<h3 id=\"google-kart\">Google Kart<\/h3>\n<p>Noen visuelle komponenter i WP Google Maps bruker tredjepartsbiblioteker som er lastet inn via Internett. For tiden gjelder det bibliotekene Google Maps, Open Street Map, jQuery DataTables og FontAwesome. N\u00e5r du laster inn ressurser via Internett, mottar tredjepartsserveren din IP-adresse og brukeragent-streng i tillegg til andre detaljer. Vennligst se personvernpolitikken til de respektive bibliotekene for detaljer om hvordan de bruker data og prosessen for \u00e5 ut\u00f8ve dine rettigheter under GDPR-forskriftene.<\/p>\n<p>Vennligst se <a href=\"https:\/\/cloud.google.com\/maps-platform\/terms\/\" target=\"_blank\" rel=\"noopener\">her<\/a> og <a href=\"https:\/\/maps.google.com\/help\/terms_maps.html\" target=\"_blank\" rel=\"noopener\">her<\/a> for Googles vilk\u00e5r. Se ogs\u00e5 <a href=\"https:\/\/policies.google.com\/privacy?hl=no\" target=\"_blank\" rel=\"noopener\">Googles personvernregler<\/a>. Vi sender ikke personlig identifiserende informasjon til API-leverand\u00f8ren, eller informasjon som unikt kan identifisere enheten din.<\/p>\n<h3 id=\"flerspraklig-funksjonalitet\">Flerspr\u00e5klig funksjonalitet<\/h3>\n<p>Spr\u00e5kmodulen vi bruker p\u00e5 dette nettstedet, <a href=\"https:\/\/wpml.org\/documentation\/support\/browser-cookies-stored-wpml\/\" target=\"_blank\" rel=\"noopener\">WPML<\/a>, lagrer cookies som er viktige for at modulen skal fungere ordentlig. Det vil si at spr\u00e5k som er tilgjengelig i spr\u00e5kvelger kan genereres p\u00e5 riktig m\u00e5te til bes\u00f8kende.<\/p>\n<h2 id=\"videoavspilling\">Videoavspilling<\/h2>\n<p>P\u00e5 dette nettstedet bruker vi hovedsakelig videoavspillertjenesten <a href=\"https:\/\/www.youtube.com\/\" target=\"_blank\" rel=\"noopener\">Youtube<\/a>, men det forekommer ogs\u00e5 at vi bruker <a href=\"https:\/\/vimeo.com\/\" target=\"_blank\" rel=\"noopener\">Vimeo<\/a>. B\u00e5de Youtube og Vimeo samler inn data n\u00e5r du spiller av en video. Dataene brukes til \u00e5 finne ut hvem og hvor lenge videoene blir brukt.<\/p>\n<h2 id=\"sletting-av-personopplysninger\">Sletting av personopplysninger<\/h2>\n<p>Hvis du \u00f8nsker \u00e5 se eller f\u00e5 slettet personopplysningene du har oppgitt, send en e-post til <a href=\"mailto:&#112;o&#115;t&#64;&#103;l&#111;de&#120;plore&#114;&#46;no\">p&#111;s&#116;&#64;g&#108;odex&#112;lo&#114;er.no<\/a>.<\/p>\n","protected":false},"excerpt":{"rendered":"<p>Gl\u00f8d Explorer er behandlingsansvarlig for virksomhetens behandling av personopplysninger. Det er frivillig for de som bes\u00f8ker nettsidene \u00e5 oppgi personopplysninger i forbindelse med bestilling av turer, kurs, aktiviteter og utleie. Behandlingsgrunnlaget er samtykke fra den enkelte, med mindre annet er spesifisert. Bruk av informasjonskapsler (cookies) P\u00e5 dette nettstedet logger vi helt anonymt informasjon om alle &hellip; <\/p>\n<p class=\"read-more-link\"><a href=\"https:\/\/www.glodexplorer.no\/nb\/personvernerklaering\/\">Les mer <span class=\"screen-reader-text\"> &laquo;Personvernerkl\u00e6ring<\/span> &laquo;<\/a><\/p>\n","protected":false},"author":4,"featured_media":0,"parent":0,"menu_order":0,"comment_status":"closed","ping_status":"closed","template":"","meta":{"_acf_changed":false,"footnotes":""},"class_list":["post-8110","page","type-page","status-publish","hentry"],"acf":[],"aioseo_notices":[],"_links":{"self":[{"href":"https:\/\/www.glodexplorer.no\/nb\/wp-json\/wp\/v2\/pages\/8110","targetHints":{"allow":["GET"]}}],"collection":[{"href":"https:\/\/www.glodexplorer.no\/nb\/wp-json\/wp\/v2\/pages"}],"about":[{"href":"https:\/\/www.glodexplorer.no\/nb\/wp-json\/wp\/v2\/types\/page"}],"author":[{"embeddable":true,"href":"https:\/\/www.glodexplorer.no\/nb\/wp-json\/wp\/v2\/users\/4"}],"replies":[{"embeddable":true,"href":"https:\/\/www.glodexplorer.no\/nb\/wp-json\/wp\/v2\/comments?post=8110"}],"version-history":[{"count":0,"href":"https:\/\/www.glodexplorer.no\/nb\/wp-json\/wp\/v2\/pages\/8110\/revisions"}],"wp:attachment":[{"href":"https:\/\/www.glodexplorer.no\/nb\/wp-json\/wp\/v2\/media?parent=8110"}],"curies":[{"name":"wp","href":"https:\/\/api.w.org\/{rel}","templated":true}]}}